{"id":569,"date":"2019-11-09T00:26:12","date_gmt":"2019-11-08T23:26:12","guid":{"rendered":"https:\/\/www.hotelalnuovoteson.com\/?page_id=569"},"modified":"2023-11-30T17:33:21","modified_gmt":"2023-11-30T16:33:21","slug":"emplacement","status":"publish","type":"page","link":"https:\/\/www.hotelalnuovoteson.com\/fr\/emplacement\/","title":{"rendered":"Emplacement"},"content":{"rendered":"<p>[vc_row][vc_column][rev_slider_vc alias=\u00a0\u00bblocation\u00a0\u00bb][vc_raw_html]JTNDZGl2JTIwY2xhc3MlM0QlMjJhcnJvdy13cmFwcGVyJTIyJTNFJTNDZGl2JTIwY2xhc3MlM0QlMjJhcnJvdyUyMiUzRSUzQyUyRmRpdiUzRSUzQyUyRmRpdiUzRQ==[\/vc_raw_html][\/vc_column][\/vc_row][vc_row full_width=\u00a0\u00bbstretch_row_content_no_spaces\u00a0\u00bb content_placement=\u00a0\u00bbmiddle\u00a0\u00bb parallax=\u00a0\u00bbcontent-moving\u00a0\u00bb parallax_image=\u00a0\u00bb125&Prime; parallax_speed_bg=\u00a0\u00bb2&Prime; css=\u00a0\u00bb.vc_custom_1554493908504{padding-top: 20px !important;padding-bottom: 10px !important;}\u00a0\u00bb][vc_column][vc_column_text]<\/p>\n<h1 style=\"text-align: center;\">EMPLACEMENT<\/h1>\n<p>[\/vc_column_text]<div class=\"dt-breadcrumbs-shortcode dt-breadcrumbs-id-081d2e2d5b1d371b355e4f9a3adadbfd align-centre\"><div class=\"assistive-text\">Vous \u00eates ici :<\/div><ol class=\"breadcrumbs text-small\" xmlns:v=\"http:\/\/rdf.data-vocabulary.org\/#\"><li typeof=\"v:Breadcrumb\"><a rel=\"v:url\" property=\"v:title\" href=\"https:\/\/www.hotelalnuovoteson.com\/fr\/\" title=\"\">Accueil<\/a><\/li><li class=\"current\">Page<\/li><\/ol><\/div>[\/vc_column][\/vc_row][vc_row full_width=\u00a0\u00bbstretch_row_content_no_spaces\u00a0\u00bb][vc_column][vc_column_text]<div class=\"wpgmp_map_container wpgmp-map-provider-google wpgmp-map-1\" rel=\"map1\" data-plugin-version=\"4.8.6\"><div class=\"wpgmp_map_parent\"><div class=\"wpgmp_map \" style=\"width:100%; height:700px;\" id=\"map1\" data-map-id=\"1\"><\/div><\/div><\/div><script>jQuery(document).ready(function($){ window.wpgmp = window.wpgmp || {}; window.wpgmp.mapdata1 = \"eyJhdXRvc29ydCI6dHJ1ZSwibWFwX29wdGlvbnMiOnsiY2VudGVyX2xhdCI6IjQ1LjQzMzkwNzUiLCJjZW50ZXJfbG5nIjoiMTIuMzQ3NTAxNiIsInpvb20iOjE1LCJtYXBfdHlwZV9pZCI6IlJPQURNQVAiLCJjZW50ZXJfYnlfbmVhcmVzdCI6ZmFsc2UsImZpdF9ib3VuZHMiOmZhbHNlLCJzaG93X2NlbnRlcl9jaXJjbGUiOmZhbHNlLCJzaG93X2NlbnRlcl9tYXJrZXIiOmZhbHNlLCJjZW50ZXJfbWFya2VyX2ljb24iOiJodHRwczpcL1wvd3d3LmhvdGVsYWxudW92b3Rlc29uLmNvbVwvd3AtY29udGVudFwvcGx1Z2luc1wvd3AtZ29vZ2xlLW1hcC1wbHVnaW5cL2Fzc2V0c1wvaW1hZ2VzXC9cL2RlZmF1bHRfbWFya2VyLnBuZyIsImRyYWdnYWJsZSI6dHJ1ZSwic2Nyb2xsX3doZWVsIjoiZmFsc2UiLCJtYXJrZXJfZGVmYXVsdF9pY29uIjoiaHR0cHM6XC9cL3d3dy5ob3RlbGFsbnVvdm90ZXNvbi5jb21cL3dwLWNvbnRlbnRcL3BsdWdpbnNcL3dwLWdvb2dsZS1tYXAtcGx1Z2luXC9hc3NldHNcL2ltYWdlc1wvXC9kZWZhdWx0X21hcmtlci5wbmciLCJpbmZvd2luZG93X3NraW4iOnsibmFtZSI6ImRlZmF1bHQiLCJ0eXBlIjoiaW5mb3dpbmRvdyJ9LCJpbmZvd2luZG93X2Ryb3BfYW5pbWF0aW9uIjpmYWxzZSwiY2xvc2VfaW5mb3dpbmRvd19vbl9tYXBfY2xpY2siOmZhbHNlLCJkZWZhdWx0X2luZm93aW5kb3dfb3BlbiI6ZmFsc2UsImluZm93aW5kb3dfb3Blbl9ldmVudCI6ImNsaWNrIiwibGlzdGluZ19pbmZvd2luZG93X29wZW5fZXZlbnQiOiJjbGljayIsImlzX21vYmlsZSI6ZmFsc2UsImluZm93aW5kb3dfZmlsdGVyX29ubHkiOmZhbHNlLCJpbmZvd2luZG93X2NsaWNrX2NoYW5nZV9jZW50ZXIiOmZhbHNlLCJmdWxsX3NjcmVlbl9jb250cm9sIjp0cnVlLCJjYW1lcmFfY29udHJvbCI6ZmFsc2UsInNlYXJjaF9jb250cm9sIjp0cnVlLCJ6b29tX2NvbnRyb2wiOnRydWUsIm1hcF90eXBlX2NvbnRyb2wiOnRydWUsInN0cmVldF92aWV3X2NvbnRyb2wiOnRydWUsImxvY2F0ZW1lX2NvbnRyb2wiOmZhbHNlLCJtb2JpbGVfc3BlY2lmaWMiOmZhbHNlLCJ6b29tX21vYmlsZSI6NSwiZHJhZ2dhYmxlX21vYmlsZSI6dHJ1ZSwic2Nyb2xsX3doZWVsX21vYmlsZSI6dHJ1ZSwiZnVsbF9zY3JlZW5fY29udHJvbF9wb3NpdGlvbiI6IlRPUF9SSUdIVCIsInpvb21fY29udHJvbF9wb3NpdGlvbiI6IlRPUF9MRUZUIiwibWFwX3R5cGVfY29udHJvbF9wb3NpdGlvbiI6IlRPUF9SSUdIVCIsIm1hcF90eXBlX2NvbnRyb2xfc3R5bGUiOiJIT1JJWk9OVEFMX0JBUiIsInN0cmVldF92aWV3X2NvbnRyb2xfcG9zaXRpb24iOiJUT1BfTEVGVCIsIm1hcF9pbmZvd2luZG93X2N1c3RvbWlzYXRpb25zIjpmYWxzZSwiaW5mb3dpbmRvd193aWR0aCI6IjEwMCUiLCJzaG93X2luZm93aW5kb3dfaGVhZGVyIjpmYWxzZSwiem9vbV9sZXZlbF9hZnRlcl9zZWFyY2giOjEwLCJkb3VibGVjbGlja3pvb20iOmZhbHNlLCJjdXJyZW50X3Bvc3Rfb25seSI6ZmFsc2UsImFkdmFuY2VfdGVtcGxhdGUiOmZhbHNlLCJtYXBfdGlsZV91cmwiOiJodHRwczpcL1wve3N9LnRpbGUub3BlbnN0cmVldG1hcC5vcmdcL3t6fVwve3h9XC97eX0ucG5nIiwib3BlbnN0cmVldF9zdHlsZXMiOnsiT3BlblN0cmVldE1hcC5NYXBuaWsiOiJodHRwczpcL1wve3N9LnRpbGUub3BlbnN0cmVldG1hcC5vcmdcL3t6fVwve3h9XC97eX0ucG5nIiwiT3BlblN0cmVldE1hcC5ERSI6Imh0dHBzOlwvXC97c30udGlsZS5vcGVuc3RyZWV0bWFwLmRlXC90aWxlc1wvb3NtZGVcL3t6fVwve3h9XC97eX0ucG5nIiwiT3BlblN0cmVldE1hcC5DSCI6Imh0dHBzOlwvXC90aWxlLm9zbS5jaFwvc3dpdHplcmxhbmRcL3t6fVwve3h9XC97eX0ucG5nIiwiT3BlblN0cmVldE1hcC5GcmFuY2UiOiJodHRwczpcL1wve3N9LnRpbGUub3BlbnN0cmVldG1hcC5mclwvb3NtZnJcL3t6fVwve3h9XC97eX0ucG5nIiwiT3BlblN0cmVldE1hcC5IT1QiOiJodHRwczpcL1wve3N9LnRpbGUub3BlbnN0cmVldG1hcC5mclwvaG90XC97en1cL3t4fVwve3l9LnBuZyIsIk9wZW5TdHJlZXRNYXAuQlpIIjoiaHR0cHM6XC9cL3RpbGUub3BlbnN0cmVldG1hcC5iemhcL2JyXC97en1cL3t4fVwve3l9LnBuZyIsIk9wZW5Ub3BvTWFwIjoiaHR0cHM6XC9cL3tzfS50aWxlLm9wZW50b3BvbWFwLm9yZ1wve3p9XC97eH1cL3t5fS5wbmciLCJUaHVuZGVyZm9yZXN0Lk9wZW5DeWNsZU1hcCI6Imh0dHBzOlwvXC9kZXYue3N9LnRpbGUub3BlbnN0cmVldG1hcC5mclwvY3ljbG9zbVwve3p9XC97eH1cL3t5fS5wbmciLCJPcGVuTWFwU3VyZmVyLlJvYWRzIjoiaHR0cHM6XC9cL21hcHMuaGVpZ2l0Lm9yZ1wvb3Blbm1hcHN1cmZlclwvdGlsZXNcL3JvYWRzXC93ZWJtZXJjYXRvclwve3p9XC97eH1cL3t5fS5wbmcifSwib3BlbnN0cmVldF9zdHlsZXNfbWFya3VwIjoiPHNlbGVjdCBjbGFzcz1cIndwb21wX21hcF90eXBlXCI+PG9wdGlvbiB2YWx1ZT1cIk9wZW5TdHJlZXRNYXAuTWFwbmlrXCI+T3BlblN0cmVldE1hcC5NYXBuaWs8XC9vcHRpb24+PG9wdGlvbiB2YWx1ZT1cIk9wZW5TdHJlZXRNYXAuREVcIj5PcGVuU3RyZWV0TWFwLkRFPFwvb3B0aW9uPjxvcHRpb24gdmFsdWU9XCJPcGVuU3RyZWV0TWFwLkNIXCI+T3BlblN0cmVldE1hcC5DSDxcL29wdGlvbj48b3B0aW9uIHZhbHVlPVwiT3BlblN0cmVldE1hcC5GcmFuY2VcIj5PcGVuU3RyZWV0TWFwLkZyYW5jZTxcL29wdGlvbj48b3B0aW9uIHZhbHVlPVwiT3BlblN0cmVldE1hcC5IT1RcIj5PcGVuU3RyZWV0TWFwLkhPVDxcL29wdGlvbj48b3B0aW9uIHZhbHVlPVwiT3BlblN0cmVldE1hcC5CWkhcIj5PcGVuU3RyZWV0TWFwLkJaSDxcL29wdGlvbj48b3B0aW9uIHZhbHVlPVwiT3BlblRvcG9NYXBcIj5PcGVuVG9wb01hcDxcL29wdGlvbj48b3B0aW9uIHZhbHVlPVwiVGh1bmRlcmZvcmVzdC5PcGVuQ3ljbGVNYXBcIj5UaHVuZGVyZm9yZXN0Lk9wZW5DeWNsZU1hcDxcL29wdGlvbj48b3B0aW9uIHZhbHVlPVwiT3Blbk1hcFN1cmZlci5Sb2Fkc1wiPk9wZW5NYXBTdXJmZXIuUm9hZHM8XC9vcHRpb24+PFwvc2VsZWN0PiIsIm1hcF9ib3hfc3R5bGVzX21hcmt1cCI6IjxzZWxlY3QgY2xhc3M9XCJ3cG9tcF9tYXBib3hfdHlwZVwiPjxvcHRpb24gdmFsdWU9XCJzdHJlZXRzLXYxMVwiPlN0cmVldHM8XC9vcHRpb24+PG9wdGlvbiB2YWx1ZT1cImxpZ2h0LXYxMFwiPkxpZ2h0PFwvb3B0aW9uPjxvcHRpb24gdmFsdWU9XCJkYXJrLXYxMFwiPkRhcms8XC9vcHRpb24+PG9wdGlvbiB2YWx1ZT1cIm91dGRvb3JzLXYxMVwiPk91dGRvb3JzPFwvb3B0aW9uPjxvcHRpb24gdmFsdWU9XCJzYXRlbGxpdGUtdjlcIj5TYXRlbGxpdGU8XC9vcHRpb24+PFwvc2VsZWN0PiIsImJvdW5kX21hcF9hZnRlcl9maWx0ZXIiOmZhbHNlLCJkaXNwbGF5X3Jlc2V0X2J1dHRvbiI6ZmFsc2UsIm1hcF9yZXNldF9idXR0b25fdGV4dCI6IlJcdTAwZTlpbml0aWFsaXNlciIsImhlaWdodCI6IjcwMCIsInRpbGVzX3Byb3ZpZGVyIjoiT3BlblN0cmVldE1hcC5NYXBuaWsifSwicGxhY2VzIjpbeyJpZCI6IjEiLCJ0aXRsZSI6IkhvdGVsIEFsIE51b3ZvIFRlc29uIiwiYWRkcmVzcyI6IiIsInNvdXJjZSI6Im1hbnVhbCIsImNvbnRlbnQiOiIiLCJsb2NhdGlvbiI6eyJpY29uIjoiaHR0cHM6XC9cL3d3dy5ob3RlbGFsbnVvdm90ZXNvbi5jb21cL3dwLWNvbnRlbnRcL3BsdWdpbnNcL3dwLWdvb2dsZS1tYXAtcGx1Z2luXC9hc3NldHNcL2ltYWdlc1wvXC9kZWZhdWx0X21hcmtlci5wbmciLCJsYXQiOiI0NS40MzM5MDc1IiwibG5nIjoiMTIuMzQ3NTAxNiIsImNpdHkiOiIiLCJzdGF0ZSI6IiIsImNvdW50cnkiOiIiLCJvbmNsaWNrX2FjdGlvbiI6Im1hcmtlciIsInJlZGlyZWN0X2N1c3RvbV9saW5rIjoiIiwibWFya2VyX2ltYWdlIjoiPGRpdiBjbGFzcz0nZmMtZmVhdHVyZS1pbWcnPjxpbWcgbG9hZGluZz0nbGF6eScgZGVjb2Rpbmc9J2FzeW5jJyBhbHQ9J0hvdGVsIEFsIE51b3ZvIFRlc29uJyBzcmM9J2h0dHBzOlwvXC93d3cuaG90ZWxhbG51b3ZvdGVzb24uY29tXC93cC1jb250ZW50XC9wbHVnaW5zXC93cC1nb29nbGUtbWFwLXBsdWdpblwvYXNzZXRzXC9pbWFnZXNcL3NhbXBsZS5qcGcnIGNsYXNzPSd3cGdtcF9tYXJrZXJfaW1hZ2UgZmMtaXRlbS1mZWF0dXJlZF9pbWFnZSBmYy1pdGVtLWxhcmdlJyBcLz48XC9kaXY+Iiwib3Blbl9uZXdfdGFiIjoieWVzIiwicG9zdGFsX2NvZGUiOiIiLCJkcmFnZ2FibGUiOiIiLCJpbmZvd2luZG93X2RlZmF1bHRfb3BlbiI6IiIsImFuaW1hdGlvbiI6IkJPVU5DRSIsImluZm93aW5kb3dfZGlzYWJsZSI6dHJ1ZSwiem9vbSI6NSwiZXh0cmFfZmllbGRzIjp7Imxpc3RvcmRlciI6MH19LCJjYXRlZ29yaWVzIjpbXSwiY3VzdG9tX2ZpbHRlcnMiOltdfV0sIm1hcF9wcm9wZXJ0eSI6eyJtYXBfaWQiOiIxIn0sInNoYXBlcyI6eyJkcmF3aW5nX2VkaXRhYmxlIjpmYWxzZX0sImZpbHRlcnMiOnsiZmlsdGVyc19jb250YWluZXIiOiJbZGF0YS1jb250YWluZXI9XCJ3cGdtcC1maWx0ZXJzLWNvbnRhaW5lclwiXSJ9LCJnbG9iYWxfc2V0dGluZ3MiOnsid3BnbXBfbWFwX3NvdXJjZSI6Imdvb2dsZSIsIndwZ21wX3RpbGVzX3NvdXJjZSI6Ik9wZW5TdHJlZXRNYXAuTWFwbmlrIiwid3BnbXBfcm91dGVyX3NvdXJjZSI6Im9wZW5zdHJlZXQiLCJ3cGdtcF9sYW5ndWFnZSI6ImVuIiwid3BnbXBfc2NyaXB0c19wbGFjZSI6ImZvb3RlciIsIndwZ21wX3ZlcnNpb24iOiI0LjguNiIsIndwZ21wX3NjcmlwdHNfbWluaWZ5IjoieWVzIiwid3BnbXBfYWxsb3dfbWV0YSI6ImE6MDp7fSIsIndwZ21wX2FkdmFuY2VkX21hcmtlciI6ImZhbHNlIiwid3BnbXBfc2V0X3RpbWVvdXQiOiIxMDAiLCJ3cGdtcF9nZHByX21zZyI6IlNpIHByZWdhIGRpIGFjY2V0dGFyZSBpIGNvb2tpZSBwZXIgbW9zdHJhcmUgR29vZ2xlIE1hcHMuIiwid3BnbXBfYXBpX2tleSI6IkFJemFTeUJEN2RxcFdlU0NEYmI1NEdYSFpNdnc4TS1vNVRMOWlmYyJ9LCJwcm92aWRlciI6Imdvb2dsZSIsImFwaUtleSI6IkFJemFTeUJEN2RxcFdlU0NEYmI1NEdYSFpNdnc4TS1vNVRMOWlmYyJ9\"; });<\/script>[\/vc_column_text][vc_empty_space height=\u00a0\u00bb40px\u00a0\u00bb][\/vc_column][\/vc_row][vc_row css=\u00a0\u00bb.vc_custom_1547712153347{padding-top: 50px !important;padding-bottom: 50px !important;}\u00a0\u00bb][vc_column][vc_column_text]<\/p>\n<h2 style=\"text-align: center;\">Comment atteindre la structure<\/h2>\n<p>[\/vc_column_text][vc_empty_space height=\u00a0\u00bb20px\u00a0\u00bb][vc_column_text]<\/p>\n<p style=\"text-align: center;\">: L&rsquo;H\u00f4tel Al Nuovo Teson est situ\u00e9 au c\u0153ur de la ville, dans la Calle Pescaria, \u00e0 seulement cinq minutes \u00e0 pied de la Place Saint-Marc et \u00e0 deux minutes de la Biennale de l&rsquo;Exposition d&rsquo;Art Contemporain, et est le point de d\u00e9part id\u00e9al pour d\u00e9couvrir les secrets de Venise et de toutes ses beaut\u00e9s. Le quartier de Castello, pr\u00e8s de l&rsquo;ancien arsenal, est l&rsquo;un des plus anciens de la ville, o\u00f9 il est encore possible de se plonger dans l&rsquo;atmosph\u00e8re traditionnelle de Venise.<\/p>\n<p>[\/vc_column_text][\/vc_column][\/vc_row][vc_row full_width=\u00a0\u00bbstretch_row_content\u00a0\u00bb gap=\u00a0\u00bb35&Prime; css=\u00a0\u00bb.vc_custom_1547712291318{padding-bottom: 50px !important;}\u00a0\u00bb][vc_column width=\u00a0\u00bb1\/4&Prime; css=\u00a0\u00bb.vc_custom_1547712311290{padding-top: 35px !important;padding-right: 35px !important;padding-bottom: 35px !important;padding-left: 35px !important;background-color: #f2f2f2 !important;}\u00a0\u00bb][vc_icon icon_fontawesome=\u00a0\u00bbfa fa-plane\u00a0\u00bb color=\u00a0\u00bbblack\u00a0\u00bb size=\u00a0\u00bbxl\u00a0\u00bb align=\u00a0\u00bbcenter\u00a0\u00bb][vc_column_text]<\/p>\n<h3 style=\"text-align: center;\">En Avion<br \/>\nVenise Marco Polo<\/h3>\n<p style=\"text-align: center;\">Les clients arrivant \u00e0 Venise en avion peuvent profiter du service de bateau-taxi priv\u00e9 qui peut \u00eatre r\u00e9serv\u00e9 aupr\u00e8s de notre r\u00e9ception et arriver ainsi \u00e0 l\u2019h\u00f4tel en 40 minutes. La ligne bleue Alilaguna des vaporetto du service public est \u00e9galement \u00e0 votre disposition. Au d\u00e9part de l\u2019a\u00e9roport, le trajet d\u2019environ 1\u00a0heure vous am\u00e8nera au terminus situ\u00e9 \u00e0 deux pas de l\u2019h\u00f4tel.<br \/>\nPour conna\u00eetre les horaires exacts, vous pouvez consulter le site Internet\u00a0: <a href=\"https:\/\/www.alilaguna.it\" target=\"_blank\" rel=\"noopener\">www.alilaguna.it<\/a><\/p>\n<ul>\n<li style=\"text-align: center;\">Bateau-taxi priv\u00e9 depuis l\u2019a\u00e9roport sur r\u00e9servation. Pour obtenir des informations et conna\u00eetre les co\u00fbts, veuillez contactez l\u2019h\u00f4tel sur info@hotelalnuovoteson.com<\/li>\n<li style=\"text-align: center;\">Ligne bleue Alilaguna (Arsenale) &#8211; 1 heure<\/li>\n<\/ul>\n<p>[\/vc_column_text][\/vc_column][vc_column width=\u00a0\u00bb1\/4&Prime; css=\u00a0\u00bb.vc_custom_1547712322048{padding-top: 35px !important;padding-right: 35px !important;padding-bottom: 35px !important;padding-left: 35px !important;background-color: #f2f2f2 !important;}\u00a0\u00bb][vc_icon icon_fontawesome=\u00a0\u00bbfa fa-plane\u00a0\u00bb color=\u00a0\u00bbblack\u00a0\u00bb size=\u00a0\u00bbxl\u00a0\u00bb align=\u00a0\u00bbcenter\u00a0\u00bb][vc_column_text]<\/p>\n<h3 style=\"text-align: center;\">En Avion<br \/>\nA\u00e9roport Treviso<\/h3>\n<p align=\"center\"><span style=\"color: #333333;\"><span style=\"font-family: Open Sans, serif;\"><span lang=\"fr-FR\">Les clients arrivant \u00e0 l&rsquo;a\u00e9roport de Tr\u00e9vise peuvent arriver \u00e0 Venise de mani\u00e8re ind\u00e9pendante en utilisant le service de bus public ATVO, arrivant en 1 heure et 30 minutes environ \u00e0 Piazzale Roma, un point strat\u00e9gique de la ville, \u00e0 partir duquel ils peuvent acc\u00e9der au service de ferry public des lignes 5.1 et 4.1.<\/span><\/span><\/span><\/p>\n<p align=\"center\"><span style=\"color: #333333;\">\u2022 <span style=\"font-family: Open Sans, serif;\"><span lang=\"fr-FR\">ATVO (a\u00e9roport de Tr\u00e9vise \u2013 Piazzale Roma) \u2013 1 heure et 10 minutes \u2013 Infos sur <a href=\"https:\/\/www.atvo.it\" target=\"_blank\" rel=\"noopener\">www.atvo.it<\/a><\/span><\/span><\/span><\/p>\n<p align=\"center\"><span style=\"color: #333333;\">\u2022 <span style=\"font-family: Open Sans, serif;\"><span lang=\"fr-FR\">Ligne ACTV 5.1 (Piazzale Roma \u2013 San Zaccaria) \u2013 25 minutes d&rsquo;information sur <a href=\"https:\/\/www.actv.it\" target=\"_blank\" rel=\"noopener\">www.actv.it<\/a><\/span><\/span><\/span><\/p>\n<p align=\"center\"><span style=\"color: #333333;\">\u2022 <span style=\"font-family: Open Sans, serif;\"><span lang=\"fr-FR\">Ligne ACTV 4.1 (Piazzale Roma \u2013 Arsenale) \u2013 25 minutes d&rsquo;information sur <a href=\"https:\/\/www.actv.it\" target=\"_blank\" rel=\"noopener\">www.actv.it<\/a><\/span><\/span><\/span><\/p>\n<p>[\/vc_column_text][\/vc_column][vc_column width=\u00a0\u00bb1\/4&Prime; css=\u00a0\u00bb.vc_custom_1554493844874{padding-top: 35px !important;padding-right: 35px !important;padding-bottom: 35px !important;padding-left: 35px !important;background-color: #f2f2f2 !important;}\u00a0\u00bb][vc_icon icon_fontawesome=\u00a0\u00bbfa fa-car\u00a0\u00bb color=\u00a0\u00bbblack\u00a0\u00bb size=\u00a0\u00bbxl\u00a0\u00bb align=\u00a0\u00bbcenter\u00a0\u00bb][vc_column_text]<\/p>\n<h3 style=\"text-align: center;\">En Voiture<br \/>\nPiazzale Roma<\/h3>\n<p align=\"center\"><span style=\"color: #333333;\"><span style=\"font-family: Open Sans, serif;\"><span lang=\"fr-FR\">Les clients arrivant \u00e0 Venise en voiture sont oblig\u00e9s de garer leur voiture sur la Piazzale Roma. Il est possible de rejoindre l&rsquo;h\u00f4tel en acc\u00e9dant au service de ferry public sur les lignes 5.1 et 4.1.<\/span><\/span><\/span><\/p>\n<p align=\"center\"><span style=\"color: #333333;\">\u2022 <span style=\"font-family: Open Sans, serif;\"><span lang=\"fr-FR\">Ligne ACTV 5.1. (Piazzale Roma \u2013 San Zaccaria) \u2013 25 minutes \u2013 Infos sur <a href=\"https:\/\/www.actv.it\" target=\"_blank\" rel=\"noopener\">www.actv.it<\/a><\/span><\/span><\/span><\/p>\n<p align=\"center\"><span style=\"color: #333333;\">\u2022 <span style=\"font-family: Open Sans, serif;\"><span lang=\"fr-FR\">Ligne ACTV 4.1 (Piazzale Roma \u2013 Arsenale) \u2013 25 minutes d&rsquo;information sur <a href=\"https:\/\/www.actv.it\" target=\"_blank\" rel=\"noopener\">www.actv.it<\/a><\/span><\/span><\/span><\/p>\n<p>[\/vc_column_text][\/vc_column][vc_column width=\u00a0\u00bb1\/4&Prime; css=\u00a0\u00bb.vc_custom_1554493868196{padding-top: 35px !important;padding-right: 35px !important;padding-bottom: 35px !important;padding-left: 35px !important;background-color: #f2f2f2 !important;}\u00a0\u00bb][vc_icon icon_fontawesome=\u00a0\u00bbfa fa-train\u00a0\u00bb color=\u00a0\u00bbblack\u00a0\u00bb size=\u00a0\u00bbxl\u00a0\u00bb align=\u00a0\u00bbcenter\u00a0\u00bb][vc_column_text]<\/p>\n<h3 style=\"text-align: center;\">En Train<br \/>\nLa Gare de Santa Lucia<\/h3>\n<p align=\"center\"><span style=\"color: #333333;\"><span style=\"font-family: Open Sans, serif;\"><span lang=\"fr-FR\">Les clients voyageant \u00e0 Venise en train peuvent acc\u00e9der au service de ferry public sur les lignes 5.1 et 4.1.<\/span><\/span><\/span><\/p>\n<p align=\"center\"><span style=\"color: #333333;\">\u2022 <span style=\"font-family: Open Sans, serif;\"><span lang=\"fr-FR\">Ligne ACTV 5.1 (Gare\/Chemin de fer Santa Lucia \u2013 San Zaccaria) \u2013 25 minutes d&rsquo;information sur <a href=\"https:\/\/www.actv.it\" target=\"_blank\" rel=\"noopener\">www.actv.it<\/a><\/span><\/span><\/span><\/p>\n<p align=\"center\"><span style=\"color: #333333;\">\u2022 <span style=\"font-family: Open Sans, serif;\"><span lang=\"fr-FR\">Ligne ACTV 4.1 (Piazzale Roma \u2013 Arsenale) \u2013 25 minutes d&rsquo;information sur <a href=\"https:\/\/www.actv.it\" target=\"_blank\" rel=\"noopener\">www.actv.it<\/a><\/span><\/span><\/span><\/p>\n<p>[\/vc_column_text][\/vc_column][\/vc_row]<\/p>\n","protected":false},"excerpt":{"rendered":"<p>[vc_row][vc_column][rev_slider_vc alias=\u00a0\u00bblocation\u00a0\u00bb][vc_raw_html]JTNDZGl2JTIwY2xhc3MlM0QlMjJhcnJvdy13cmFwcGVyJTIyJTNFJTNDZGl2JTIwY2xhc3MlM0QlMjJhcnJvdyUyMiUzRSUzQyUyRmRpdiUzRSUzQyUyRmRpdiUzRQ==[\/vc_raw_html][\/vc_column][\/vc_row][vc_row full_width=\u00a0\u00bbstretch_row_content_no_spaces\u00a0\u00bb content_placement=\u00a0\u00bbmiddle\u00a0\u00bb parallax=\u00a0\u00bbcontent-moving\u00a0\u00bb parallax_image=\u00a0\u00bb125&Prime; parallax_speed_bg=\u00a0\u00bb2&Prime; css=\u00a0\u00bb.vc_custom_1554493908504{padding-top: 20px !important;padding-bottom: 10px !important;}\u00a0\u00bb][vc_column][vc_column_text] EMPLACEMENT [\/vc_column_text][\/vc_column][\/vc_row][vc_row full_width=\u00a0\u00bbstretch_row_content_no_spaces\u00a0\u00bb][vc_column][vc_column_text][\/vc_column_text][vc_empty_space height=\u00a0\u00bb40px\u00a0\u00bb][\/vc_column][\/vc_row][vc_row css=\u00a0\u00bb.vc_custom_1547712153347{padding-top: 50px !important;padding-bottom: 50px !important;}\u00a0\u00bb][vc_column][vc_column_text] Comment atteindre la structure [\/vc_column_text][vc_empty_space height=\u00a0\u00bb20px\u00a0\u00bb][vc_column_text] : L&rsquo;H\u00f4tel Al Nuovo Teson est situ\u00e9 au c\u0153ur de la ville, dans la Calle Pescaria, \u00e0 seulement cinq minutes \u00e0 pied de la Place Saint-Marc et \u00e0&hellip;<\/p>\n","protected":false},"author":1,"featured_media":0,"parent":0,"menu_order":0,"comment_status":"closed","ping_status":"closed","template":"","meta":[],"aioseo_notices":[],"_links":{"self":[{"href":"https:\/\/www.hotelalnuovoteson.com\/fr\/wp-json\/wp\/v2\/pages\/569"}],"collection":[{"href":"https:\/\/www.hotelalnuovoteson.com\/fr\/wp-json\/wp\/v2\/pages"}],"about":[{"href":"https:\/\/www.hotelalnuovoteson.com\/fr\/wp-json\/wp\/v2\/types\/page"}],"author":[{"embeddable":true,"href":"https:\/\/www.hotelalnuovoteson.com\/fr\/wp-json\/wp\/v2\/users\/1"}],"replies":[{"embeddable":true,"href":"https:\/\/www.hotelalnuovoteson.com\/fr\/wp-json\/wp\/v2\/comments?post=569"}],"version-history":[{"count":4,"href":"https:\/\/www.hotelalnuovoteson.com\/fr\/wp-json\/wp\/v2\/pages\/569\/revisions"}],"predecessor-version":[{"id":1109,"href":"https:\/\/www.hotelalnuovoteson.com\/fr\/wp-json\/wp\/v2\/pages\/569\/revisions\/1109"}],"wp:attachment":[{"href":"https:\/\/www.hotelalnuovoteson.com\/fr\/wp-json\/wp\/v2\/media?parent=569"}],"curies":[{"name":"wp","href":"https:\/\/api.w.org\/{rel}","templated":true}]}}