{"id":526,"date":"2019-11-09T00:15:53","date_gmt":"2019-11-08T23:15:53","guid":{"rendered":"https:\/\/www.hotelalnuovoteson.com\/?page_id=526"},"modified":"2022-11-18T13:13:00","modified_gmt":"2022-11-18T12:13:00","slug":"accueil","status":"publish","type":"page","link":"https:\/\/www.hotelalnuovoteson.com\/fr\/","title":{"rendered":"Accueil"},"content":{"rendered":"<p>[vc_row full_width=\u00a0\u00bbstretch_row_content_no_spaces\u00a0\u00bb][vc_column]\n\t\t\t<!-- START Home REVOLUTION SLIDER 6.2.23 --><p class=\"rs-p-wp-fix\"><\/p>\n\t\t\t<rs-module-wrap id=\"rev_slider_1_1_wrapper\" data-source=\"gallery\" style=\"background:transparent;padding:0;\">\n\t\t\t\t<rs-module id=\"rev_slider_1_1\" style=\"\" data-version=\"6.2.23\">\n\t\t\t\t\t<rs-slides>\n\t\t\t\t\t\t<rs-slide data-key=\"rs-15\" data-title=\"Slide\" data-thumb=\"\/\/www.hotelalnuovoteson.com\/wp-content\/uploads\/2021\/10\/202.1-100x50.jpg\" data-anim=\"ei:d;eo:d;s:600;r:0;t:fade;sl:d;\">\n\t\t\t\t\t\t\t<img src=\"\/\/www.hotelalnuovoteson.com\/wp-content\/uploads\/2021\/10\/202.1.jpg\" title=\"202.1\" width=\"1920\" height=\"1280\" class=\"rev-slidebg\" data-no-retina>\n<!---->\t\t\t\t\t\t<\/rs-slide>\n\t\t\t\t\t\t<rs-slide data-key=\"rs-16\" data-title=\"Slide\" data-thumb=\"\/\/www.hotelalnuovoteson.com\/wp-content\/uploads\/2021\/10\/204.2-100x50.jpg\" data-anim=\"ei:d;eo:d;s:600;r:0;t:fade;sl:d;\">\n\t\t\t\t\t\t\t<img src=\"\/\/www.hotelalnuovoteson.com\/wp-content\/uploads\/2021\/10\/204.2.jpg\" title=\"204.2\" width=\"1920\" height=\"1280\" class=\"rev-slidebg\" data-no-retina>\n<!---->\t\t\t\t\t\t<\/rs-slide>\n\t\t\t\t\t\t<rs-slide data-key=\"rs-17\" data-title=\"Slide\" data-thumb=\"\/\/www.hotelalnuovoteson.com\/wp-content\/uploads\/2021\/10\/F.3-100x50.jpg\" data-anim=\"ei:d;eo:d;s:600;r:0;t:fade;sl:d;\">\n\t\t\t\t\t\t\t<img src=\"\/\/www.hotelalnuovoteson.com\/wp-content\/uploads\/2021\/10\/F.3.jpg\" title=\"F.3\" width=\"1920\" height=\"1280\" class=\"rev-slidebg\" data-no-retina>\n<!---->\t\t\t\t\t\t<\/rs-slide>\n\t\t\t\t\t\t<rs-slide data-key=\"rs-18\" data-title=\"Slide\" data-thumb=\"\/\/www.hotelalnuovoteson.com\/wp-content\/uploads\/2021\/10\/Colazioni.3-100x50.jpg\" data-anim=\"ei:d;eo:d;s:600;r:0;t:fade;sl:d;\">\n\t\t\t\t\t\t\t<img src=\"\/\/www.hotelalnuovoteson.com\/wp-content\/uploads\/2021\/10\/Colazioni.3.jpg\" title=\"Colazioni.3\" width=\"1920\" height=\"1280\" class=\"rev-slidebg\" data-no-retina>\n<!---->\t\t\t\t\t\t<\/rs-slide>\n\t\t\t\t\t\t<rs-slide data-key=\"rs-26\" data-title=\"Slide\" data-thumb=\"\/\/www.hotelalnuovoteson.com\/wp-content\/uploads\/2021\/10\/P.4-100x50.jpg\" data-anim=\"ei:d;eo:d;s:600;r:0;t:fade;sl:d;\">\n\t\t\t\t\t\t\t<img src=\"\/\/www.hotelalnuovoteson.com\/wp-content\/uploads\/2021\/10\/P.4.jpg\" title=\"P.4\" width=\"1920\" height=\"1280\" class=\"rev-slidebg\" data-no-retina>\n<!---->\t\t\t\t\t\t<\/rs-slide>\n\t\t\t\t\t<\/rs-slides>\n\t\t\t\t<\/rs-module>\n\t\t\t\t<script type=\"text\/javascript\">\n\t\t\t\t\tsetREVStartSize({c: 'rev_slider_1_1',rl:[1240,1024,778,480],el:[868],gw:[1240],gh:[868],type:'standard',justify:'',layout:'fullscreen',offsetContainer:'',offset:'',mh:\"0\"});\n\t\t\t\t\tvar\trevapi1,\n\t\t\t\t\t\ttpj;\n\t\t\t\t\tfunction revinit_revslider11() {\n\t\t\t\t\tjQuery(function() {\n\t\t\t\t\t\ttpj = jQuery;\n\t\t\t\t\t\trevapi1 = tpj(\"#rev_slider_1_1\");\n\t\t\t\t\t\tif(revapi1==undefined || revapi1.revolution == undefined){\n\t\t\t\t\t\t\trevslider_showDoubleJqueryError(\"rev_slider_1_1\");\n\t\t\t\t\t\t}else{\n\t\t\t\t\t\t\trevapi1.revolution({\n\t\t\t\t\t\t\t\tsliderLayout:\"fullscreen\",\n\t\t\t\t\t\t\t\tduration:6000,\n\t\t\t\t\t\t\t\tvisibilityLevels:\"1240,1024,778,480\",\n\t\t\t\t\t\t\t\tgridwidth:1240,\n\t\t\t\t\t\t\t\tgridheight:868,\n\t\t\t\t\t\t\t\tspinner:\"spinner3\",\n\t\t\t\t\t\t\t\tperspective:600,\n\t\t\t\t\t\t\t\tperspectiveType:\"local\",\n\t\t\t\t\t\t\t\teditorheight:\"868,768,600,500\",\n\t\t\t\t\t\t\t\tresponsiveLevels:\"1240,1024,778,480\",\n\t\t\t\t\t\t\t\tprogressBar: {\n\t\t\t\t\t\t\t\t\tcolor:\"rgba(0,0,0,0.15)\",\n\t\t\t\t\t\t\t\t\tvertical:\"top\",\n\t\t\t\t\t\t\t\t\tsize:3,\n\t\t\t\t\t\t\t\t\tx:0,\n\t\t\t\t\t\t\t\t\ty:0\n\t\t\t\t\t\t\t\t},\n\t\t\t\t\t\t\t\tnavigation: {\n\t\t\t\t\t\t\t\t\tmouseScrollNavigation:false,\n\t\t\t\t\t\t\t\t\tonHoverStop:false,\n\t\t\t\t\t\t\t\t\tarrows: {\n\t\t\t\t\t\t\t\t\t\tenable:true,\n\t\t\t\t\t\t\t\t\t\tstyle:\"uranus\",\n\t\t\t\t\t\t\t\t\t\tleft: {\n\n\t\t\t\t\t\t\t\t\t\t},\n\t\t\t\t\t\t\t\t\t\tright: {\n\n\t\t\t\t\t\t\t\t\t\t}\n\t\t\t\t\t\t\t\t\t}\n\t\t\t\t\t\t\t\t},\n\t\t\t\t\t\t\t\tfallbacks: {\n\t\t\t\t\t\t\t\t\tallowHTML5AutoPlayOnAndroid:true\n\t\t\t\t\t\t\t\t},\n\t\t\t\t\t\t\t});\n\t\t\t\t\t\t\tvar api = revapi1;\n \n\/* only change slider layout if touch device is detected *\/\nif('ontouchend' in document) {\n \n    var screenSize = jQuery(window).width(),\n        layout;\n \n    \/* desktop screen size *\/\n    if(screenSize >= 1024) {\n \n        \/* layout options are \"fullscreen\", \"fullwidth\" and \"auto\" *\/\n        layout = 'fullscreen';\n \n    }\n    \/* mobile screen size *\/\n    else {\n \n        \/* layout options are \"fullscreen\", \"fullwidth\" and \"auto\" *\/\n        layout = 'auto';\n \n    }\n \n    var sliderSettings = api.data('opt') || api[0].opt;\n    \/* console.log(sliderSettings); *\/\n \n    sliderSettings.sliderLayout = layout;\n \n}\n\t\t\t\t\t\t}\n\t\t\t\t\t\t\n\t\t\t\t\t});\n\t\t\t\t\t} \/\/ End of RevInitScript\n\t\t\t\tvar once_revslider11 = false;\n\t\t\t\tif (document.readyState === \"loading\") {document.addEventListener('readystatechange',function() { if((document.readyState === \"interactive\" || document.readyState === \"complete\") && !once_revslider11 ) { once_revslider11 = true; revinit_revslider11();}});} else {once_revslider11 = true; revinit_revslider11();}\n\t\t\t\t<\/script>\n\t\t\t\t<script>\n\t\t\t\t\tvar htmlDivCss = '\t#rev_slider_1_1_wrapper rs-loader.spinner3 div { background-color: #FFFFFF !important; } ';\n\t\t\t\t\tvar htmlDiv = document.getElementById('rs-plugin-settings-inline-css');\n\t\t\t\t\tif(htmlDiv) {\n\t\t\t\t\t\thtmlDiv.innerHTML = htmlDiv.innerHTML + htmlDivCss;\n\t\t\t\t\t}else{\n\t\t\t\t\t\tvar htmlDiv = document.createElement('div');\n\t\t\t\t\t\thtmlDiv.innerHTML = '<style>' + htmlDivCss + '<\/style>';\n\t\t\t\t\t\tdocument.getElementsByTagName('head')[0].appendChild(htmlDiv.childNodes[0]);\n\t\t\t\t\t}\n\t\t\t\t<\/script>\n\t\t\t\t<script>\n\t\t\t\t\tvar htmlDivCss = unescape(\"%23rev_slider_1_1_wrapper%20.uranus.tparrows%20%7B%0A%20%20width%3A50px%3B%0A%20%20height%3A50px%3B%0A%20%20background%3Argba%28255%2C255%2C255%2C0%29%3B%0A%20%7D%0A%20%23rev_slider_1_1_wrapper%20.uranus.tparrows%3Abefore%20%7B%0A%20width%3A50px%3B%0A%20height%3A50px%3B%0A%20line-height%3A50px%3B%0A%20font-size%3A40px%3B%0A%20transition%3Aall%200.3s%3B%0A-webkit-transition%3Aall%200.3s%3B%0A%20%7D%0A%20%0A%20%20%23rev_slider_1_1_wrapper%20.uranus.tparrows%3Ahover%3Abefore%20%7B%0A%20%20%20%20opacity%3A0.75%3B%0A%20%20%7D%0A\");\n\t\t\t\t\tvar htmlDiv = document.getElementById('rs-plugin-settings-inline-css');\n\t\t\t\t\tif(htmlDiv) {\n\t\t\t\t\t\thtmlDiv.innerHTML = htmlDiv.innerHTML + htmlDivCss;\n\t\t\t\t\t}else{\n\t\t\t\t\t\tvar htmlDiv = document.createElement('div');\n\t\t\t\t\t\thtmlDiv.innerHTML = '<style>' + htmlDivCss + '<\/style>';\n\t\t\t\t\t\tdocument.getElementsByTagName('head')[0].appendChild(htmlDiv.childNodes[0]);\n\t\t\t\t\t}\n\t\t\t\t<\/script>\n\t\t\t\t<script>\n\t\t\t\t\tvar htmlDivCss = unescape(\"%0A%0A%0A%0A%0A\");\n\t\t\t\t\tvar htmlDiv = document.getElementById('rs-plugin-settings-inline-css');\n\t\t\t\t\tif(htmlDiv) {\n\t\t\t\t\t\thtmlDiv.innerHTML = htmlDiv.innerHTML + htmlDivCss;\n\t\t\t\t\t}else{\n\t\t\t\t\t\tvar htmlDiv = document.createElement('div');\n\t\t\t\t\t\thtmlDiv.innerHTML = '<style>' + htmlDivCss + '<\/style>';\n\t\t\t\t\t\tdocument.getElementsByTagName('head')[0].appendChild(htmlDiv.childNodes[0]);\n\t\t\t\t\t}\n\t\t\t\t<\/script>\n\t\t\t<\/rs-module-wrap>\n\t\t\t<!-- END REVOLUTION SLIDER -->\n[vc_raw_html]JTNDZGl2JTIwY2xhc3MlM0QlMjJhcnJvdy13cmFwcGVyJTIyJTNFJTNDZGl2JTIwY2xhc3MlM0QlMjJhcnJvdyUyMiUzRSUzQyUyRmRpdiUzRSUzQyUyRmRpdiUzRQ==[\/vc_raw_html][\/vc_column][\/vc_row][vc_row css=\u00a0\u00bb.vc_custom_1547803399489{padding-top: 60px !important;padding-bottom: 60px !important;}\u00a0\u00bb][vc_column width=\u00a0\u00bb1\/2&Prime;][vc_column_text]<\/p>\n<h2><strong>Hotel Al Nuovo Teson<\/strong> &#8211; Bienvenu!<\/h2>\n<p>[\/vc_column_text][vc_empty_space][vc_column_text]Bienvenue! Nous sommes pr\u00eats \u00e0 vous accueillir dans la magie de la ville de Venise.L&rsquo;Hotel Al Nuovo Teson deviendra votre point de r\u00e9f\u00e9rence lors de votre voyage \u00e0 travers calli et campielli pour d\u00e9couvrir une ville unique au monde.Un environnement accueillant, relaxant et bien entretenu vous permettra de mieux profiter de votre exp\u00e9rience et de la rendre sp\u00e9ciale.<\/p>\n<p>L&rsquo;H\u00f4tel Al Nuovo Teson est situ\u00e9 au c\u0153ur de la ville, dans la Calle Pescaria, \u00e0 seulement cinq minutes \u00e0 pied de la Piazza San Marco et \u00e0 deux minutes de la Biennale de l&rsquo;Exposition d&rsquo;Art Contemporain, c&rsquo;est le point de d\u00e9part id\u00e9al pour d\u00e9couvrir les secrets de Venise et de toutes ses beaut\u00e9s.<\/p>\n<p>Le quartier de Castello, \u00e0 proximit\u00e9 de l&rsquo;ancien Arsenal, est l&rsquo;un des plus anciens de la ville, o\u00f9 il est encore possible de se plonger dans l&rsquo;atmosph\u00e8re traditionnelle de Venise.[\/vc_column_text][vc_empty_space height=\u00a0\u00bb10px\u00a0\u00bb][\/vc_column][vc_column width=\u00a0\u00bb1\/2&Prime;][vc_single_image image=\u00a0\u00bb927&Prime; img_size=\u00a0\u00bb580&#215;300&Prime; alignment=\u00a0\u00bbcenter\u00a0\u00bb][\/vc_column][\/vc_row][vc_row full_width=\u00a0\u00bbstretch_row\u00a0\u00bb css=\u00a0\u00bb.vc_custom_1557092708008{padding-top: 60px !important;padding-bottom: 60px !important;background-color: #f4f4f4 !important;}\u00a0\u00bb][vc_column width=\u00a0\u00bb1\/2&Prime;][vc_single_image image=\u00a0\u00bb762&Prime; img_size=\u00a0\u00bb580&#215;300&Prime; alignment=\u00a0\u00bbcenter\u00a0\u00bb][\/vc_column][vc_column width=\u00a0\u00bb1\/2&Prime;][vc_column_text]<\/p>\n<h2>Nos chambres<\/h2>\n<p>[\/vc_column_text][vc_empty_space][vc_column_text]Les 22 chambres du b\u00e2timent principal ont \u00e9t\u00e9 r\u00e9nov\u00e9es en 2014 et sont meubl\u00e9es avec go\u00fbt et \u00e9l\u00e9gance, des couleurs douces, des tissus chaleureux qui vous envelopperont dans une harmonie \u00e9quilibr\u00e9e entre classique et moderne.<\/p>\n<p>Les 6 chambres situ\u00e9es dans le b\u00e2timent adjacent, Residenza Alla Riva, ont \u00e9t\u00e9 enti\u00e8rement r\u00e9nov\u00e9es en 2021 dans la disposition, le mobilier et les tissus, dans un style v\u00e9nitien, avec des tons neutres qui contribuent \u00e0 l&rsquo;atmosph\u00e8re relaxante et familiale.<\/p>\n<p>La salle de bain a \u00e9galement \u00e9t\u00e9 repens\u00e9e et construite avec des mat\u00e9riaux raffin\u00e9s et \u00e9l\u00e9gants.<\/p>\n<p>Toutes les chambres sont \u00e9quip\u00e9es de la climatisation, d&rsquo;une t\u00e9l\u00e9vision \u00e0 \u00e9cran plat avec cha\u00eenes satellite, d&rsquo;un mini-bar, d&rsquo;un coffre-fort, d&rsquo;une connexion Wi-Fi gratuite, d&rsquo;un t\u00e9l\u00e9phone et d&rsquo;une bouilloire.<\/p>\n<p>La structure ne dispose pas d&rsquo;ascenseur mais notre personnel se fera un plaisir de vous aider \u00e0 porter vos bagages jusqu&rsquo;aux chambres !<\/p>\n<p>Des chambres simples, doubles et twin, triples et familiales, Economy, Classic et Superior sont propos\u00e9es.R\u00e9ception 24 h[\/vc_column_text][vc_empty_space height=\u00a0\u00bb10px\u00a0\u00bb][vc_btn title=\u00a0\u00bbVoir les types\u00a0\u00bb style=\u00a0\u00bbclassic\u00a0\u00bb color=\u00a0\u00bbchino\u00a0\u00bb size=\u00a0\u00bblg\u00a0\u00bb link=\u00a0\u00bburl:https%3A%2F%2Fwww.hotelalnuovoteson.com%2Ffr%2Fchambres%2F|title:Camere||\u00a0\u00bb][\/vc_column][\/vc_row][vc_row full_width=\u00a0\u00bbstretch_row_content_no_spaces\u00a0\u00bb css=\u00a0\u00bb.vc_custom_1557092723684{padding-top: -30px !important;}\u00a0\u00bb][vc_column][vc_single_image image=\u00a0\u00bb782&Prime; img_size=\u00a0\u00bb1920&#215;700&Prime; alignment=\u00a0\u00bbcenter\u00a0\u00bb image_hovers=\u00a0\u00bbfalse\u00a0\u00bb][\/vc_column][\/vc_row]<\/p>\n","protected":false},"excerpt":{"rendered":"<p>[vc_row full_width=\u00a0\u00bbstretch_row_content_no_spaces\u00a0\u00bb][vc_column][vc_raw_html]JTNDZGl2JTIwY2xhc3MlM0QlMjJhcnJvdy13cmFwcGVyJTIyJTNFJTNDZGl2JTIwY2xhc3MlM0QlMjJhcnJvdyUyMiUzRSUzQyUyRmRpdiUzRSUzQyUyRmRpdiUzRQ==[\/vc_raw_html][\/vc_column][\/vc_row][vc_row css=\u00a0\u00bb.vc_custom_1547803399489{padding-top: 60px !important;padding-bottom: 60px !important;}\u00a0\u00bb][vc_column width=\u00a0\u00bb1\/2&Prime;][vc_column_text] Hotel Al Nuovo Teson &#8211; Bienvenu! [\/vc_column_text][vc_empty_space][vc_column_text]Bienvenue! Nous sommes pr\u00eats \u00e0 vous accueillir dans la magie de la ville de Venise.L&rsquo;Hotel Al Nuovo Teson deviendra votre point de r\u00e9f\u00e9rence lors de votre voyage \u00e0 travers calli et campielli pour d\u00e9couvrir une ville unique au monde.Un environnement accueillant,&hellip;<\/p>\n","protected":false},"author":1,"featured_media":0,"parent":0,"menu_order":0,"comment_status":"closed","ping_status":"closed","template":"","meta":[],"aioseo_notices":[],"_links":{"self":[{"href":"https:\/\/www.hotelalnuovoteson.com\/fr\/wp-json\/wp\/v2\/pages\/526"}],"collection":[{"href":"https:\/\/www.hotelalnuovoteson.com\/fr\/wp-json\/wp\/v2\/pages"}],"about":[{"href":"https:\/\/www.hotelalnuovoteson.com\/fr\/wp-json\/wp\/v2\/types\/page"}],"author":[{"embeddable":true,"href":"https:\/\/www.hotelalnuovoteson.com\/fr\/wp-json\/wp\/v2\/users\/1"}],"replies":[{"embeddable":true,"href":"https:\/\/www.hotelalnuovoteson.com\/fr\/wp-json\/wp\/v2\/comments?post=526"}],"version-history":[{"count":8,"href":"https:\/\/www.hotelalnuovoteson.com\/fr\/wp-json\/wp\/v2\/pages\/526\/revisions"}],"predecessor-version":[{"id":1084,"href":"https:\/\/www.hotelalnuovoteson.com\/fr\/wp-json\/wp\/v2\/pages\/526\/revisions\/1084"}],"wp:attachment":[{"href":"https:\/\/www.hotelalnuovoteson.com\/fr\/wp-json\/wp\/v2\/media?parent=526"}],"curies":[{"name":"wp","href":"https:\/\/api.w.org\/{rel}","templated":true}]}}