{"id":614,"date":"2019-11-09T00:39:12","date_gmt":"2019-11-08T23:39:12","guid":{"rendered":"https:\/\/www.hotelalnuovoteson.com\/?page_id=614"},"modified":"2023-11-30T17:27:29","modified_gmt":"2023-11-30T16:27:29","slug":"ubicacion","status":"publish","type":"page","link":"https:\/\/www.hotelalnuovoteson.com\/es\/ubicacion\/","title":{"rendered":"Ubicaci\u00f3n"},"content":{"rendered":"<p>[vc_row][vc_column][rev_slider_vc alias=\u00bblocation\u00bb][vc_raw_html]JTNDZGl2JTIwY2xhc3MlM0QlMjJhcnJvdy13cmFwcGVyJTIyJTNFJTNDZGl2JTIwY2xhc3MlM0QlMjJhcnJvdyUyMiUzRSUzQyUyRmRpdiUzRSUzQyUyRmRpdiUzRQ==[\/vc_raw_html][\/vc_column][\/vc_row][vc_row full_width=\u00bbstretch_row_content_no_spaces\u00bb content_placement=\u00bbmiddle\u00bb parallax=\u00bbcontent-moving\u00bb parallax_image=\u00bb125&#8243; parallax_speed_bg=\u00bb2&#8243; css=\u00bb.vc_custom_1554493908504{padding-top: 20px !important;padding-bottom: 10px !important;}\u00bb][vc_column][vc_column_text]<\/p>\n<h1 style=\"text-align: center;\">UBICACI\u00d3N<\/h1>\n<p>[\/vc_column_text]<div class=\"dt-breadcrumbs-shortcode dt-breadcrumbs-id-081d2e2d5b1d371b355e4f9a3adadbfd align-centre\"><div class=\"assistive-text\">Est\u00e1s aqu\u00ed:<\/div><ol class=\"breadcrumbs text-small\" xmlns:v=\"http:\/\/rdf.data-vocabulary.org\/#\"><li typeof=\"v:Breadcrumb\"><a rel=\"v:url\" property=\"v:title\" href=\"https:\/\/www.hotelalnuovoteson.com\/es\/\" title=\"\">Inicio<\/a><\/li><li class=\"current\">P\u00e1gina<\/li><\/ol><\/div>[\/vc_column][\/vc_row][vc_row full_width=\u00bbstretch_row_content_no_spaces\u00bb][vc_column][vc_column_text]<div class=\"wpgmp_map_container wpgmp-map-provider-google wpgmp-map-1\" rel=\"map1\" data-plugin-version=\"4.8.6\"><div class=\"wpgmp_map_parent\"><div class=\"wpgmp_map \" style=\"width:100%; height:700px;\" id=\"map1\" data-map-id=\"1\"><\/div><\/div><\/div><script>jQuery(document).ready(function($){ window.wpgmp = window.wpgmp || {}; window.wpgmp.mapdata1 = \"eyJhdXRvc29ydCI6dHJ1ZSwibWFwX29wdGlvbnMiOnsiY2VudGVyX2xhdCI6IjQ1LjQzMzkwNzUiLCJjZW50ZXJfbG5nIjoiMTIuMzQ3NTAxNiIsInpvb20iOjE1LCJtYXBfdHlwZV9pZCI6IlJPQURNQVAiLCJjZW50ZXJfYnlfbmVhcmVzdCI6ZmFsc2UsImZpdF9ib3VuZHMiOmZhbHNlLCJzaG93X2NlbnRlcl9jaXJjbGUiOmZhbHNlLCJzaG93X2NlbnRlcl9tYXJrZXIiOmZhbHNlLCJjZW50ZXJfbWFya2VyX2ljb24iOiJodHRwczpcL1wvd3d3LmhvdGVsYWxudW92b3Rlc29uLmNvbVwvd3AtY29udGVudFwvcGx1Z2luc1wvd3AtZ29vZ2xlLW1hcC1wbHVnaW5cL2Fzc2V0c1wvaW1hZ2VzXC9cL2RlZmF1bHRfbWFya2VyLnBuZyIsImRyYWdnYWJsZSI6dHJ1ZSwic2Nyb2xsX3doZWVsIjoiZmFsc2UiLCJtYXJrZXJfZGVmYXVsdF9pY29uIjoiaHR0cHM6XC9cL3d3dy5ob3RlbGFsbnVvdm90ZXNvbi5jb21cL3dwLWNvbnRlbnRcL3BsdWdpbnNcL3dwLWdvb2dsZS1tYXAtcGx1Z2luXC9hc3NldHNcL2ltYWdlc1wvXC9kZWZhdWx0X21hcmtlci5wbmciLCJpbmZvd2luZG93X3NraW4iOnsibmFtZSI6ImRlZmF1bHQiLCJ0eXBlIjoiaW5mb3dpbmRvdyJ9LCJpbmZvd2luZG93X2Ryb3BfYW5pbWF0aW9uIjpmYWxzZSwiY2xvc2VfaW5mb3dpbmRvd19vbl9tYXBfY2xpY2siOmZhbHNlLCJkZWZhdWx0X2luZm93aW5kb3dfb3BlbiI6ZmFsc2UsImluZm93aW5kb3dfb3Blbl9ldmVudCI6ImNsaWNrIiwibGlzdGluZ19pbmZvd2luZG93X29wZW5fZXZlbnQiOiJjbGljayIsImlzX21vYmlsZSI6ZmFsc2UsImluZm93aW5kb3dfZmlsdGVyX29ubHkiOmZhbHNlLCJpbmZvd2luZG93X2NsaWNrX2NoYW5nZV9jZW50ZXIiOmZhbHNlLCJmdWxsX3NjcmVlbl9jb250cm9sIjp0cnVlLCJjYW1lcmFfY29udHJvbCI6ZmFsc2UsInNlYXJjaF9jb250cm9sIjp0cnVlLCJ6b29tX2NvbnRyb2wiOnRydWUsIm1hcF90eXBlX2NvbnRyb2wiOnRydWUsInN0cmVldF92aWV3X2NvbnRyb2wiOnRydWUsImxvY2F0ZW1lX2NvbnRyb2wiOmZhbHNlLCJtb2JpbGVfc3BlY2lmaWMiOmZhbHNlLCJ6b29tX21vYmlsZSI6NSwiZHJhZ2dhYmxlX21vYmlsZSI6dHJ1ZSwic2Nyb2xsX3doZWVsX21vYmlsZSI6dHJ1ZSwiZnVsbF9zY3JlZW5fY29udHJvbF9wb3NpdGlvbiI6IlRPUF9SSUdIVCIsInpvb21fY29udHJvbF9wb3NpdGlvbiI6IlRPUF9MRUZUIiwibWFwX3R5cGVfY29udHJvbF9wb3NpdGlvbiI6IlRPUF9SSUdIVCIsIm1hcF90eXBlX2NvbnRyb2xfc3R5bGUiOiJIT1JJWk9OVEFMX0JBUiIsInN0cmVldF92aWV3X2NvbnRyb2xfcG9zaXRpb24iOiJUT1BfTEVGVCIsIm1hcF9pbmZvd2luZG93X2N1c3RvbWlzYXRpb25zIjpmYWxzZSwiaW5mb3dpbmRvd193aWR0aCI6IjEwMCUiLCJzaG93X2luZm93aW5kb3dfaGVhZGVyIjpmYWxzZSwiem9vbV9sZXZlbF9hZnRlcl9zZWFyY2giOjEwLCJkb3VibGVjbGlja3pvb20iOmZhbHNlLCJjdXJyZW50X3Bvc3Rfb25seSI6ZmFsc2UsImFkdmFuY2VfdGVtcGxhdGUiOmZhbHNlLCJtYXBfdGlsZV91cmwiOiJodHRwczpcL1wve3N9LnRpbGUub3BlbnN0cmVldG1hcC5vcmdcL3t6fVwve3h9XC97eX0ucG5nIiwib3BlbnN0cmVldF9zdHlsZXMiOnsiT3BlblN0cmVldE1hcC5NYXBuaWsiOiJodHRwczpcL1wve3N9LnRpbGUub3BlbnN0cmVldG1hcC5vcmdcL3t6fVwve3h9XC97eX0ucG5nIiwiT3BlblN0cmVldE1hcC5ERSI6Imh0dHBzOlwvXC97c30udGlsZS5vcGVuc3RyZWV0bWFwLmRlXC90aWxlc1wvb3NtZGVcL3t6fVwve3h9XC97eX0ucG5nIiwiT3BlblN0cmVldE1hcC5DSCI6Imh0dHBzOlwvXC90aWxlLm9zbS5jaFwvc3dpdHplcmxhbmRcL3t6fVwve3h9XC97eX0ucG5nIiwiT3BlblN0cmVldE1hcC5GcmFuY2UiOiJodHRwczpcL1wve3N9LnRpbGUub3BlbnN0cmVldG1hcC5mclwvb3NtZnJcL3t6fVwve3h9XC97eX0ucG5nIiwiT3BlblN0cmVldE1hcC5IT1QiOiJodHRwczpcL1wve3N9LnRpbGUub3BlbnN0cmVldG1hcC5mclwvaG90XC97en1cL3t4fVwve3l9LnBuZyIsIk9wZW5TdHJlZXRNYXAuQlpIIjoiaHR0cHM6XC9cL3RpbGUub3BlbnN0cmVldG1hcC5iemhcL2JyXC97en1cL3t4fVwve3l9LnBuZyIsIk9wZW5Ub3BvTWFwIjoiaHR0cHM6XC9cL3tzfS50aWxlLm9wZW50b3BvbWFwLm9yZ1wve3p9XC97eH1cL3t5fS5wbmciLCJUaHVuZGVyZm9yZXN0Lk9wZW5DeWNsZU1hcCI6Imh0dHBzOlwvXC9kZXYue3N9LnRpbGUub3BlbnN0cmVldG1hcC5mclwvY3ljbG9zbVwve3p9XC97eH1cL3t5fS5wbmciLCJPcGVuTWFwU3VyZmVyLlJvYWRzIjoiaHR0cHM6XC9cL21hcHMuaGVpZ2l0Lm9yZ1wvb3Blbm1hcHN1cmZlclwvdGlsZXNcL3JvYWRzXC93ZWJtZXJjYXRvclwve3p9XC97eH1cL3t5fS5wbmcifSwib3BlbnN0cmVldF9zdHlsZXNfbWFya3VwIjoiPHNlbGVjdCBjbGFzcz1cIndwb21wX21hcF90eXBlXCI+PG9wdGlvbiB2YWx1ZT1cIk9wZW5TdHJlZXRNYXAuTWFwbmlrXCI+T3BlblN0cmVldE1hcC5NYXBuaWs8XC9vcHRpb24+PG9wdGlvbiB2YWx1ZT1cIk9wZW5TdHJlZXRNYXAuREVcIj5PcGVuU3RyZWV0TWFwLkRFPFwvb3B0aW9uPjxvcHRpb24gdmFsdWU9XCJPcGVuU3RyZWV0TWFwLkNIXCI+T3BlblN0cmVldE1hcC5DSDxcL29wdGlvbj48b3B0aW9uIHZhbHVlPVwiT3BlblN0cmVldE1hcC5GcmFuY2VcIj5PcGVuU3RyZWV0TWFwLkZyYW5jZTxcL29wdGlvbj48b3B0aW9uIHZhbHVlPVwiT3BlblN0cmVldE1hcC5IT1RcIj5PcGVuU3RyZWV0TWFwLkhPVDxcL29wdGlvbj48b3B0aW9uIHZhbHVlPVwiT3BlblN0cmVldE1hcC5CWkhcIj5PcGVuU3RyZWV0TWFwLkJaSDxcL29wdGlvbj48b3B0aW9uIHZhbHVlPVwiT3BlblRvcG9NYXBcIj5PcGVuVG9wb01hcDxcL29wdGlvbj48b3B0aW9uIHZhbHVlPVwiVGh1bmRlcmZvcmVzdC5PcGVuQ3ljbGVNYXBcIj5UaHVuZGVyZm9yZXN0Lk9wZW5DeWNsZU1hcDxcL29wdGlvbj48b3B0aW9uIHZhbHVlPVwiT3Blbk1hcFN1cmZlci5Sb2Fkc1wiPk9wZW5NYXBTdXJmZXIuUm9hZHM8XC9vcHRpb24+PFwvc2VsZWN0PiIsIm1hcF9ib3hfc3R5bGVzX21hcmt1cCI6IjxzZWxlY3QgY2xhc3M9XCJ3cG9tcF9tYXBib3hfdHlwZVwiPjxvcHRpb24gdmFsdWU9XCJzdHJlZXRzLXYxMVwiPlN0cmVldHM8XC9vcHRpb24+PG9wdGlvbiB2YWx1ZT1cImxpZ2h0LXYxMFwiPkxpZ2h0PFwvb3B0aW9uPjxvcHRpb24gdmFsdWU9XCJkYXJrLXYxMFwiPkRhcms8XC9vcHRpb24+PG9wdGlvbiB2YWx1ZT1cIm91dGRvb3JzLXYxMVwiPk91dGRvb3JzPFwvb3B0aW9uPjxvcHRpb24gdmFsdWU9XCJzYXRlbGxpdGUtdjlcIj5TYXRlbGxpdGU8XC9vcHRpb24+PFwvc2VsZWN0PiIsImJvdW5kX21hcF9hZnRlcl9maWx0ZXIiOmZhbHNlLCJkaXNwbGF5X3Jlc2V0X2J1dHRvbiI6ZmFsc2UsIm1hcF9yZXNldF9idXR0b25fdGV4dCI6IlJlc3RhYmxlY2VyIiwiaGVpZ2h0IjoiNzAwIiwidGlsZXNfcHJvdmlkZXIiOiJPcGVuU3RyZWV0TWFwLk1hcG5payJ9LCJwbGFjZXMiOlt7ImlkIjoiMSIsInRpdGxlIjoiSG90ZWwgQWwgTnVvdm8gVGVzb24iLCJhZGRyZXNzIjoiIiwic291cmNlIjoibWFudWFsIiwiY29udGVudCI6IiIsImxvY2F0aW9uIjp7Imljb24iOiJodHRwczpcL1wvd3d3LmhvdGVsYWxudW92b3Rlc29uLmNvbVwvd3AtY29udGVudFwvcGx1Z2luc1wvd3AtZ29vZ2xlLW1hcC1wbHVnaW5cL2Fzc2V0c1wvaW1hZ2VzXC9cL2RlZmF1bHRfbWFya2VyLnBuZyIsImxhdCI6IjQ1LjQzMzkwNzUiLCJsbmciOiIxMi4zNDc1MDE2IiwiY2l0eSI6IiIsInN0YXRlIjoiIiwiY291bnRyeSI6IiIsIm9uY2xpY2tfYWN0aW9uIjoibWFya2VyIiwicmVkaXJlY3RfY3VzdG9tX2xpbmsiOiIiLCJtYXJrZXJfaW1hZ2UiOiI8ZGl2IGNsYXNzPSdmYy1mZWF0dXJlLWltZyc+PGltZyBsb2FkaW5nPSdsYXp5JyBkZWNvZGluZz0nYXN5bmMnIGFsdD0nSG90ZWwgQWwgTnVvdm8gVGVzb24nIHNyYz0naHR0cHM6XC9cL3d3dy5ob3RlbGFsbnVvdm90ZXNvbi5jb21cL3dwLWNvbnRlbnRcL3BsdWdpbnNcL3dwLWdvb2dsZS1tYXAtcGx1Z2luXC9hc3NldHNcL2ltYWdlc1wvc2FtcGxlLmpwZycgY2xhc3M9J3dwZ21wX21hcmtlcl9pbWFnZSBmYy1pdGVtLWZlYXR1cmVkX2ltYWdlIGZjLWl0ZW0tbGFyZ2UnIFwvPjxcL2Rpdj4iLCJvcGVuX25ld190YWIiOiJ5ZXMiLCJwb3N0YWxfY29kZSI6IiIsImRyYWdnYWJsZSI6IiIsImluZm93aW5kb3dfZGVmYXVsdF9vcGVuIjoiIiwiYW5pbWF0aW9uIjoiQk9VTkNFIiwiaW5mb3dpbmRvd19kaXNhYmxlIjp0cnVlLCJ6b29tIjo1LCJleHRyYV9maWVsZHMiOnsibGlzdG9yZGVyIjowfX0sImNhdGVnb3JpZXMiOltdLCJjdXN0b21fZmlsdGVycyI6W119XSwibWFwX3Byb3BlcnR5Ijp7Im1hcF9pZCI6IjEifSwic2hhcGVzIjp7ImRyYXdpbmdfZWRpdGFibGUiOmZhbHNlfSwiZmlsdGVycyI6eyJmaWx0ZXJzX2NvbnRhaW5lciI6IltkYXRhLWNvbnRhaW5lcj1cIndwZ21wLWZpbHRlcnMtY29udGFpbmVyXCJdIn0sImdsb2JhbF9zZXR0aW5ncyI6eyJ3cGdtcF9tYXBfc291cmNlIjoiZ29vZ2xlIiwid3BnbXBfdGlsZXNfc291cmNlIjoiT3BlblN0cmVldE1hcC5NYXBuaWsiLCJ3cGdtcF9yb3V0ZXJfc291cmNlIjoib3BlbnN0cmVldCIsIndwZ21wX2xhbmd1YWdlIjoiZW4iLCJ3cGdtcF9zY3JpcHRzX3BsYWNlIjoiZm9vdGVyIiwid3BnbXBfdmVyc2lvbiI6IjQuOC42Iiwid3BnbXBfc2NyaXB0c19taW5pZnkiOiJ5ZXMiLCJ3cGdtcF9hbGxvd19tZXRhIjoiYTowOnt9Iiwid3BnbXBfYWR2YW5jZWRfbWFya2VyIjoiZmFsc2UiLCJ3cGdtcF9zZXRfdGltZW91dCI6IjEwMCIsIndwZ21wX2dkcHJfbXNnIjoiU2kgcHJlZ2EgZGkgYWNjZXR0YXJlIGkgY29va2llIHBlciBtb3N0cmFyZSBHb29nbGUgTWFwcy4iLCJ3cGdtcF9hcGlfa2V5IjoiQUl6YVN5QkQ3ZHFwV2VTQ0RiYjU0R1hIWk12dzhNLW81VEw5aWZjIn0sInByb3ZpZGVyIjoiZ29vZ2xlIiwiYXBpS2V5IjoiQUl6YVN5QkQ3ZHFwV2VTQ0RiYjU0R1hIWk12dzhNLW81VEw5aWZjIn0=\"; });<\/script>[\/vc_column_text][vc_empty_space height=\u00bb40px\u00bb][\/vc_column][\/vc_row][vc_row css=\u00bb.vc_custom_1547712153347{padding-top: 50px !important;padding-bottom: 50px !important;}\u00bb][vc_column][vc_column_text]<\/p>\n<h2 style=\"text-align: center;\">C\u00f3mo alcanzar la estructura<\/h2>\n<p>[\/vc_column_text][vc_empty_space height=\u00bb20px\u00bb][vc_column_text]<\/p>\n<p style=\"text-align: center;\">El Hotel Al Nuovo Teson est\u00e1 ubicado en el coraz\u00f3n de la ciudad, en la Calle Pescaria, a solo cinco minutos a pie de la Piazza San Marco y a dos minutos de la Exposici\u00f3n de Arte Contempor\u00e1neo Bienal, y es el punto de partida ideal para descubrir los secretos. de Venecia y todas sus bellezas. La zona de Castello, cerca del antiguo Arsenal, es una de las m\u00e1s antiguas de la ciudad, donde todav\u00eda es posible sumergirse en el ambiente tradicional de Venecia, experimentarlo &#8230;. como venecianos.<\/p>\n<p>[\/vc_column_text][\/vc_column][\/vc_row][vc_row full_width=\u00bbstretch_row_content\u00bb gap=\u00bb35&#8243; css=\u00bb.vc_custom_1547712291318{padding-bottom: 50px !important;}\u00bb][vc_column width=\u00bb1\/4&#8243; css=\u00bb.vc_custom_1547712311290{padding-top: 35px !important;padding-right: 35px !important;padding-bottom: 35px !important;padding-left: 35px !important;background-color: #f2f2f2 !important;}\u00bb][vc_icon icon_fontawesome=\u00bbfa fa-plane\u00bb color=\u00bbblack\u00bb size=\u00bbxl\u00bb align=\u00bbcenter\u00bb][vc_column_text]<\/p>\n<h3 style=\"text-align: center;\">En avion<br \/>\nVenecia Marco Polo<\/h3>\n<p style=\"text-align: center;\">El establecimiento proporciona servicio de traslado en taxi acu\u00e1tico privado, que puede reservarse previamente en nuestra recepci\u00f3n, cuyo trayecto dura 40 minutos. Tambi\u00e9n est\u00e1 disponible el servicio de transporte p\u00fablico en vaporetto Alilaguna (l\u00ednea azul), que parte desde la parada Arsenale, tarda aproximadamente 1 hora y para a pocos pasos del hotel.<\/p>\n<ul>\n<li style=\"text-align: center;\">Para consultar los horarios exactos, visite el sitio web <a href=\"https:\/\/www.alilaguna.it\" target=\"_blank\" rel=\"noopener\">www.alilaguna.it<\/a>.<\/li>\n<li style=\"text-align: center;\">Para consultar informaci\u00f3n y reservar el servicio de traslado en taxi acu\u00e1tico privado, contacte con el hotel a trav\u00e9s de la direcci\u00f3n de correo info@hotelalnuovoteson.com.<\/li>\n<li style=\"text-align: center;\">Alilaguna (l\u00ednea azul), parada Arsenale: 1 hora.<\/li>\n<\/ul>\n<p>[\/vc_column_text][\/vc_column][vc_column width=\u00bb1\/4&#8243; css=\u00bb.vc_custom_1547712322048{padding-top: 35px !important;padding-right: 35px !important;padding-bottom: 35px !important;padding-left: 35px !important;background-color: #f2f2f2 !important;}\u00bb][vc_icon icon_fontawesome=\u00bbfa fa-plane\u00bb color=\u00bbblack\u00bb size=\u00bbxl\u00bb align=\u00bbcenter\u00bb][vc_column_text]<\/p>\n<h3 style=\"text-align: center;\">En avion<br \/>\nAeropuerto Treviso<\/h3>\n<p align=\"center\"><span style=\"color: #333333;\"><span style=\"font-family: Open Sans, serif;\"><span lang=\"es-ES\">Los hu\u00e9spedes que lleguen al aeropuerto de Treviso pueden llegar a Venecia de forma independiente utilizando el servicio p\u00fablico de autob\u00fas ATVO, llegando en aproximadamente 1 hora y 30 minutos a Piazzale Roma, punto estrat\u00e9gico de la ciudad, desde donde pueden acceder al servicio p\u00fablico de ferry de las l\u00edneas 5.1 y 4.1.<\/span><\/span><\/span><\/p>\n<p align=\"center\"><span style=\"color: #333333;\">\u2022 <span style=\"font-family: Open Sans, serif;\"><span lang=\"es-ES\">ATVO (aeropuerto de Treviso \u2013 Piazzale Roma) \u2013 1 hora y 10 minutos \u2013 Informaci\u00f3n en <a href=\"https:\/\/www.atvo.it\" target=\"_blank\" rel=\"noopener\">www.atvo.it<\/a><\/span><\/span><\/span><\/p>\n<p align=\"center\"><span style=\"color: #333333;\">\u2022 <span style=\"font-family: Open Sans, serif;\"><span lang=\"es-ES\">L\u00ednea ACTV 5.1 (Piazzale Roma \u2013 San Zaccaria) \u2013 25 minutos informaci\u00f3n en <a href=\"https:\/\/www.actv.it\" target=\"_blank\" rel=\"noopener\">www.actv.it<\/a><\/span><\/span><\/span><\/p>\n<p align=\"center\"><span style=\"color: #333333;\">\u2022 <span style=\"font-family: Open Sans, serif;\"><span lang=\"es-ES\">L\u00ednea ACTV 4.1 (Piazzale Roma \u2013 Arsenale) \u2013 25 minutos informaci\u00f3n en <a href=\"https:\/\/www.actv.it\" target=\"_blank\" rel=\"noopener\">www.actv.it<\/a><\/span><\/span><\/span><\/p>\n<p>[\/vc_column_text][\/vc_column][vc_column width=\u00bb1\/4&#8243; css=\u00bb.vc_custom_1554493844874{padding-top: 35px !important;padding-right: 35px !important;padding-bottom: 35px !important;padding-left: 35px !important;background-color: #f2f2f2 !important;}\u00bb][vc_icon icon_fontawesome=\u00bbfa fa-car\u00bb color=\u00bbblack\u00bb size=\u00bbxl\u00bb align=\u00bbcenter\u00bb][vc_column_text]<\/p>\n<h3 style=\"text-align: center;\">En coche<br \/>\nPiazzale Roma<\/h3>\n<p align=\"center\"><span style=\"color: #333333;\"><span style=\"font-family: Open Sans, serif;\"><span lang=\"es-ES\">Los hu\u00e9spedes que lleguen a Venecia en coche deber\u00e1n aparcarlo en Piazzale Roma. Es posible llegar al hotel utilizando el servicio p\u00fablico de ferry de las l\u00edneas 5.1 y 4.1.<\/span><\/span><\/span><\/p>\n<p align=\"center\"><span style=\"color: #333333;\">\u2022 <span style=\"font-family: Open Sans, serif;\"><span lang=\"es-ES\">L\u00ednea ACTV 5.1. (Piazzale Roma \u2013 San Zaccaria) \u2013 25 minutos \u2013 Informaci\u00f3n en <a href=\"https:\/\/www.actv.it\" target=\"_blank\" rel=\"noopener\">www.actv.it<\/a><\/span><\/span><\/span><\/p>\n<p align=\"center\"><span style=\"color: #333333;\">\u2022 <span style=\"font-family: Open Sans, serif;\"><span lang=\"es-ES\">L\u00ednea ACTV 4.1 (Piazzale Roma \u2013 Arsenale) \u2013 25 minutos informaci\u00f3n en <a href=\"https:\/\/www.actv.it\" target=\"_blank\" rel=\"noopener\">www.actv.it<\/a><\/span><\/span><\/span><\/p>\n<p>[\/vc_column_text][\/vc_column][vc_column width=\u00bb1\/4&#8243; css=\u00bb.vc_custom_1554493868196{padding-top: 35px !important;padding-right: 35px !important;padding-bottom: 35px !important;padding-left: 35px !important;background-color: #f2f2f2 !important;}\u00bb][vc_icon icon_fontawesome=\u00bbfa fa-train\u00bb color=\u00bbblack\u00bb size=\u00bbxl\u00bb align=\u00bbcenter\u00bb][vc_column_text]<\/p>\n<h3 style=\"text-align: center;\">En tren<br \/>\nSanta Lucia Station<\/h3>\n<p align=\"center\"><span style=\"color: #333333;\"><span style=\"font-family: Open Sans, serif;\"><span lang=\"es-ES\">Los hu\u00e9spedes que viajen a Venecia en tren pueden acceder al servicio p\u00fablico de ferry en las l\u00edneas 5.1 y 4.1.<\/span><\/span><\/span><\/p>\n<p align=\"center\"><span style=\"color: #333333;\">\u2022 <span style=\"font-family: Open Sans, serif;\"><span lang=\"es-ES\">L\u00ednea ACTV 5.1 (Estaci\u00f3n Santa Luc\u00eda\/Ferrocarril \u2013 San Zaccaria) \u2013 25 minutos informaci\u00f3n en <a href=\"https:\/\/www.actv.it\" target=\"_blank\" rel=\"noopener\">www.actv.it<\/a><\/span><\/span><\/span><\/p>\n<p align=\"center\"><span style=\"color: #333333;\">\u2022 <span style=\"font-family: Open Sans, serif;\"><span lang=\"es-ES\">L\u00ednea ACTV 4.1 (Piazzale Roma \u2013 Arsenale) \u2013 25 minutos informaci\u00f3n en <a href=\"https:\/\/www.actv.it\" target=\"_blank\" rel=\"noopener\">www.actv.it<\/a><\/span><\/span><\/span><\/p>\n<p>[\/vc_column_text][\/vc_column][\/vc_row]<\/p>\n","protected":false},"excerpt":{"rendered":"<p>[vc_row][vc_column][rev_slider_vc alias=\u00bblocation\u00bb][vc_raw_html]JTNDZGl2JTIwY2xhc3MlM0QlMjJhcnJvdy13cmFwcGVyJTIyJTNFJTNDZGl2JTIwY2xhc3MlM0QlMjJhcnJvdyUyMiUzRSUzQyUyRmRpdiUzRSUzQyUyRmRpdiUzRQ==[\/vc_raw_html][\/vc_column][\/vc_row][vc_row full_width=\u00bbstretch_row_content_no_spaces\u00bb content_placement=\u00bbmiddle\u00bb parallax=\u00bbcontent-moving\u00bb parallax_image=\u00bb125&#8243; parallax_speed_bg=\u00bb2&#8243; css=\u00bb.vc_custom_1554493908504{padding-top: 20px !important;padding-bottom: 10px !important;}\u00bb][vc_column][vc_column_text] UBICACI\u00d3N [\/vc_column_text][\/vc_column][\/vc_row][vc_row full_width=\u00bbstretch_row_content_no_spaces\u00bb][vc_column][vc_column_text][\/vc_column_text][vc_empty_space height=\u00bb40px\u00bb][\/vc_column][\/vc_row][vc_row css=\u00bb.vc_custom_1547712153347{padding-top: 50px !important;padding-bottom: 50px !important;}\u00bb][vc_column][vc_column_text] C\u00f3mo alcanzar la estructura [\/vc_column_text][vc_empty_space height=\u00bb20px\u00bb][vc_column_text] El Hotel Al Nuovo Teson est\u00e1 ubicado en el coraz\u00f3n de la ciudad, en la Calle Pescaria, a solo cinco minutos a pie de la Piazza San Marco&hellip;<\/p>\n","protected":false},"author":1,"featured_media":0,"parent":0,"menu_order":0,"comment_status":"closed","ping_status":"closed","template":"","meta":[],"aioseo_notices":[],"_links":{"self":[{"href":"https:\/\/www.hotelalnuovoteson.com\/es\/wp-json\/wp\/v2\/pages\/614"}],"collection":[{"href":"https:\/\/www.hotelalnuovoteson.com\/es\/wp-json\/wp\/v2\/pages"}],"about":[{"href":"https:\/\/www.hotelalnuovoteson.com\/es\/wp-json\/wp\/v2\/types\/page"}],"author":[{"embeddable":true,"href":"https:\/\/www.hotelalnuovoteson.com\/es\/wp-json\/wp\/v2\/users\/1"}],"replies":[{"embeddable":true,"href":"https:\/\/www.hotelalnuovoteson.com\/es\/wp-json\/wp\/v2\/comments?post=614"}],"version-history":[{"count":4,"href":"https:\/\/www.hotelalnuovoteson.com\/es\/wp-json\/wp\/v2\/pages\/614\/revisions"}],"predecessor-version":[{"id":1108,"href":"https:\/\/www.hotelalnuovoteson.com\/es\/wp-json\/wp\/v2\/pages\/614\/revisions\/1108"}],"wp:attachment":[{"href":"https:\/\/www.hotelalnuovoteson.com\/es\/wp-json\/wp\/v2\/media?parent=614"}],"curies":[{"name":"wp","href":"https:\/\/api.w.org\/{rel}","templated":true}]}}