{"id":571,"date":"2019-11-09T00:30:08","date_gmt":"2019-11-08T23:30:08","guid":{"rendered":"https:\/\/www.hotelalnuovoteson.com\/?page_id=571"},"modified":"2022-11-18T13:17:28","modified_gmt":"2022-11-18T12:17:28","slug":"home","status":"publish","type":"page","link":"https:\/\/www.hotelalnuovoteson.com\/es\/","title":{"rendered":"Home"},"content":{"rendered":"<p>[vc_row full_width=\u00bbstretch_row_content_no_spaces\u00bb][vc_column]\n\t\t\t<!-- START Home REVOLUTION SLIDER 6.2.23 --><p class=\"rs-p-wp-fix\"><\/p>\n\t\t\t<rs-module-wrap id=\"rev_slider_1_1_wrapper\" data-source=\"gallery\" style=\"background:transparent;padding:0;\">\n\t\t\t\t<rs-module id=\"rev_slider_1_1\" style=\"\" data-version=\"6.2.23\">\n\t\t\t\t\t<rs-slides>\n\t\t\t\t\t\t<rs-slide data-key=\"rs-15\" data-title=\"Slide\" data-thumb=\"\/\/www.hotelalnuovoteson.com\/wp-content\/uploads\/2021\/10\/202.1-100x50.jpg\" data-anim=\"ei:d;eo:d;s:600;r:0;t:fade;sl:d;\">\n\t\t\t\t\t\t\t<img src=\"\/\/www.hotelalnuovoteson.com\/wp-content\/uploads\/2021\/10\/202.1.jpg\" title=\"202.1\" width=\"1920\" height=\"1280\" class=\"rev-slidebg\" data-no-retina>\n<!---->\t\t\t\t\t\t<\/rs-slide>\n\t\t\t\t\t\t<rs-slide data-key=\"rs-16\" data-title=\"Slide\" data-thumb=\"\/\/www.hotelalnuovoteson.com\/wp-content\/uploads\/2021\/10\/204.2-100x50.jpg\" data-anim=\"ei:d;eo:d;s:600;r:0;t:fade;sl:d;\">\n\t\t\t\t\t\t\t<img src=\"\/\/www.hotelalnuovoteson.com\/wp-content\/uploads\/2021\/10\/204.2.jpg\" title=\"204.2\" width=\"1920\" height=\"1280\" class=\"rev-slidebg\" data-no-retina>\n<!---->\t\t\t\t\t\t<\/rs-slide>\n\t\t\t\t\t\t<rs-slide data-key=\"rs-17\" data-title=\"Slide\" data-thumb=\"\/\/www.hotelalnuovoteson.com\/wp-content\/uploads\/2021\/10\/F.3-100x50.jpg\" data-anim=\"ei:d;eo:d;s:600;r:0;t:fade;sl:d;\">\n\t\t\t\t\t\t\t<img src=\"\/\/www.hotelalnuovoteson.com\/wp-content\/uploads\/2021\/10\/F.3.jpg\" title=\"F.3\" width=\"1920\" height=\"1280\" class=\"rev-slidebg\" data-no-retina>\n<!---->\t\t\t\t\t\t<\/rs-slide>\n\t\t\t\t\t\t<rs-slide data-key=\"rs-18\" data-title=\"Slide\" data-thumb=\"\/\/www.hotelalnuovoteson.com\/wp-content\/uploads\/2021\/10\/Colazioni.3-100x50.jpg\" data-anim=\"ei:d;eo:d;s:600;r:0;t:fade;sl:d;\">\n\t\t\t\t\t\t\t<img src=\"\/\/www.hotelalnuovoteson.com\/wp-content\/uploads\/2021\/10\/Colazioni.3.jpg\" title=\"Colazioni.3\" width=\"1920\" height=\"1280\" class=\"rev-slidebg\" data-no-retina>\n<!---->\t\t\t\t\t\t<\/rs-slide>\n\t\t\t\t\t\t<rs-slide data-key=\"rs-26\" data-title=\"Slide\" data-thumb=\"\/\/www.hotelalnuovoteson.com\/wp-content\/uploads\/2021\/10\/P.4-100x50.jpg\" data-anim=\"ei:d;eo:d;s:600;r:0;t:fade;sl:d;\">\n\t\t\t\t\t\t\t<img src=\"\/\/www.hotelalnuovoteson.com\/wp-content\/uploads\/2021\/10\/P.4.jpg\" title=\"P.4\" width=\"1920\" height=\"1280\" class=\"rev-slidebg\" data-no-retina>\n<!---->\t\t\t\t\t\t<\/rs-slide>\n\t\t\t\t\t<\/rs-slides>\n\t\t\t\t<\/rs-module>\n\t\t\t\t<script type=\"text\/javascript\">\n\t\t\t\t\tsetREVStartSize({c: 'rev_slider_1_1',rl:[1240,1024,778,480],el:[868],gw:[1240],gh:[868],type:'standard',justify:'',layout:'fullscreen',offsetContainer:'',offset:'',mh:\"0\"});\n\t\t\t\t\tvar\trevapi1,\n\t\t\t\t\t\ttpj;\n\t\t\t\t\tfunction revinit_revslider11() {\n\t\t\t\t\tjQuery(function() {\n\t\t\t\t\t\ttpj = jQuery;\n\t\t\t\t\t\trevapi1 = tpj(\"#rev_slider_1_1\");\n\t\t\t\t\t\tif(revapi1==undefined || revapi1.revolution == undefined){\n\t\t\t\t\t\t\trevslider_showDoubleJqueryError(\"rev_slider_1_1\");\n\t\t\t\t\t\t}else{\n\t\t\t\t\t\t\trevapi1.revolution({\n\t\t\t\t\t\t\t\tsliderLayout:\"fullscreen\",\n\t\t\t\t\t\t\t\tduration:6000,\n\t\t\t\t\t\t\t\tvisibilityLevels:\"1240,1024,778,480\",\n\t\t\t\t\t\t\t\tgridwidth:1240,\n\t\t\t\t\t\t\t\tgridheight:868,\n\t\t\t\t\t\t\t\tspinner:\"spinner3\",\n\t\t\t\t\t\t\t\tperspective:600,\n\t\t\t\t\t\t\t\tperspectiveType:\"local\",\n\t\t\t\t\t\t\t\teditorheight:\"868,768,600,500\",\n\t\t\t\t\t\t\t\tresponsiveLevels:\"1240,1024,778,480\",\n\t\t\t\t\t\t\t\tprogressBar: {\n\t\t\t\t\t\t\t\t\tcolor:\"rgba(0,0,0,0.15)\",\n\t\t\t\t\t\t\t\t\tvertical:\"top\",\n\t\t\t\t\t\t\t\t\tsize:3,\n\t\t\t\t\t\t\t\t\tx:0,\n\t\t\t\t\t\t\t\t\ty:0\n\t\t\t\t\t\t\t\t},\n\t\t\t\t\t\t\t\tnavigation: {\n\t\t\t\t\t\t\t\t\tmouseScrollNavigation:false,\n\t\t\t\t\t\t\t\t\tonHoverStop:false,\n\t\t\t\t\t\t\t\t\tarrows: {\n\t\t\t\t\t\t\t\t\t\tenable:true,\n\t\t\t\t\t\t\t\t\t\tstyle:\"uranus\",\n\t\t\t\t\t\t\t\t\t\tleft: {\n\n\t\t\t\t\t\t\t\t\t\t},\n\t\t\t\t\t\t\t\t\t\tright: {\n\n\t\t\t\t\t\t\t\t\t\t}\n\t\t\t\t\t\t\t\t\t}\n\t\t\t\t\t\t\t\t},\n\t\t\t\t\t\t\t\tfallbacks: {\n\t\t\t\t\t\t\t\t\tallowHTML5AutoPlayOnAndroid:true\n\t\t\t\t\t\t\t\t},\n\t\t\t\t\t\t\t});\n\t\t\t\t\t\t\tvar api = revapi1;\n \n\/* only change slider layout if touch device is detected *\/\nif('ontouchend' in document) {\n \n    var screenSize = jQuery(window).width(),\n        layout;\n \n    \/* desktop screen size *\/\n    if(screenSize >= 1024) {\n \n        \/* layout options are \"fullscreen\", \"fullwidth\" and \"auto\" *\/\n        layout = 'fullscreen';\n \n    }\n    \/* mobile screen size *\/\n    else {\n \n        \/* layout options are \"fullscreen\", \"fullwidth\" and \"auto\" *\/\n        layout = 'auto';\n \n    }\n \n    var sliderSettings = api.data('opt') || api[0].opt;\n    \/* console.log(sliderSettings); *\/\n \n    sliderSettings.sliderLayout = layout;\n \n}\n\t\t\t\t\t\t}\n\t\t\t\t\t\t\n\t\t\t\t\t});\n\t\t\t\t\t} \/\/ End of RevInitScript\n\t\t\t\tvar once_revslider11 = false;\n\t\t\t\tif (document.readyState === \"loading\") {document.addEventListener('readystatechange',function() { if((document.readyState === \"interactive\" || document.readyState === \"complete\") && !once_revslider11 ) { once_revslider11 = true; revinit_revslider11();}});} else {once_revslider11 = true; revinit_revslider11();}\n\t\t\t\t<\/script>\n\t\t\t\t<script>\n\t\t\t\t\tvar htmlDivCss = '\t#rev_slider_1_1_wrapper rs-loader.spinner3 div { background-color: #FFFFFF !important; } ';\n\t\t\t\t\tvar htmlDiv = document.getElementById('rs-plugin-settings-inline-css');\n\t\t\t\t\tif(htmlDiv) {\n\t\t\t\t\t\thtmlDiv.innerHTML = htmlDiv.innerHTML + htmlDivCss;\n\t\t\t\t\t}else{\n\t\t\t\t\t\tvar htmlDiv = document.createElement('div');\n\t\t\t\t\t\thtmlDiv.innerHTML = '<style>' + htmlDivCss + '<\/style>';\n\t\t\t\t\t\tdocument.getElementsByTagName('head')[0].appendChild(htmlDiv.childNodes[0]);\n\t\t\t\t\t}\n\t\t\t\t<\/script>\n\t\t\t\t<script>\n\t\t\t\t\tvar htmlDivCss = unescape(\"%23rev_slider_1_1_wrapper%20.uranus.tparrows%20%7B%0A%20%20width%3A50px%3B%0A%20%20height%3A50px%3B%0A%20%20background%3Argba%28255%2C255%2C255%2C0%29%3B%0A%20%7D%0A%20%23rev_slider_1_1_wrapper%20.uranus.tparrows%3Abefore%20%7B%0A%20width%3A50px%3B%0A%20height%3A50px%3B%0A%20line-height%3A50px%3B%0A%20font-size%3A40px%3B%0A%20transition%3Aall%200.3s%3B%0A-webkit-transition%3Aall%200.3s%3B%0A%20%7D%0A%20%0A%20%20%23rev_slider_1_1_wrapper%20.uranus.tparrows%3Ahover%3Abefore%20%7B%0A%20%20%20%20opacity%3A0.75%3B%0A%20%20%7D%0A\");\n\t\t\t\t\tvar htmlDiv = document.getElementById('rs-plugin-settings-inline-css');\n\t\t\t\t\tif(htmlDiv) {\n\t\t\t\t\t\thtmlDiv.innerHTML = htmlDiv.innerHTML + htmlDivCss;\n\t\t\t\t\t}else{\n\t\t\t\t\t\tvar htmlDiv = document.createElement('div');\n\t\t\t\t\t\thtmlDiv.innerHTML = '<style>' + htmlDivCss + '<\/style>';\n\t\t\t\t\t\tdocument.getElementsByTagName('head')[0].appendChild(htmlDiv.childNodes[0]);\n\t\t\t\t\t}\n\t\t\t\t<\/script>\n\t\t\t\t<script>\n\t\t\t\t\tvar htmlDivCss = unescape(\"%0A%0A%0A%0A%0A\");\n\t\t\t\t\tvar htmlDiv = document.getElementById('rs-plugin-settings-inline-css');\n\t\t\t\t\tif(htmlDiv) {\n\t\t\t\t\t\thtmlDiv.innerHTML = htmlDiv.innerHTML + htmlDivCss;\n\t\t\t\t\t}else{\n\t\t\t\t\t\tvar htmlDiv = document.createElement('div');\n\t\t\t\t\t\thtmlDiv.innerHTML = '<style>' + htmlDivCss + '<\/style>';\n\t\t\t\t\t\tdocument.getElementsByTagName('head')[0].appendChild(htmlDiv.childNodes[0]);\n\t\t\t\t\t}\n\t\t\t\t<\/script>\n\t\t\t<\/rs-module-wrap>\n\t\t\t<!-- END REVOLUTION SLIDER -->\n[vc_raw_html]JTNDZGl2JTIwY2xhc3MlM0QlMjJhcnJvdy13cmFwcGVyJTIyJTNFJTNDZGl2JTIwY2xhc3MlM0QlMjJhcnJvdyUyMiUzRSUzQyUyRmRpdiUzRSUzQyUyRmRpdiUzRQ==[\/vc_raw_html][\/vc_column][\/vc_row][vc_row css=\u00bb.vc_custom_1547803399489{padding-top: 60px !important;padding-bottom: 60px !important;}\u00bb][vc_column width=\u00bb1\/2&#8243;][vc_column_text]<\/p>\n<h2><strong>Hotel Al Nuovo Teson<\/strong> &#8211; Bienvenidos!<\/h2>\n<p>[\/vc_column_text][vc_empty_space][vc_column_text]Bienvenido! Estamos listos para darle la bienvenida en la magia de la ciudad de Venecia.El Hotel Al Nuovo Teson se convertir\u00e1 en su punto de referencia en su viaje a trav\u00e9s de calli y campielli para descubrir una ciudad \u00fanica en el mundo. Un ambiente acogedor, relajante y cuidado le permitir\u00e1 disfrutar mejor de su experiencia y hacerla especial.<\/p>\n<p>El Hotel Al Nuovo Teson est\u00e1 ubicado en el coraz\u00f3n de la ciudad, en la Calle Pescaria, a solo cinco minutos a pie de la Piazza San Marco y a dos minutos de la Bienal de Arte Contempor\u00e1neo, es el punto de partida ideal para descubrir de Venecia y todas sus bellezas.<\/p>\n<p>La zona de Castello, cerca del antiguo Arsenal, es una de las m\u00e1s antiguas de la ciudad, donde todav\u00eda es posible sumergirse en el ambiente tradicional de Venecia, experimentarlo &#8230;. como venecianos.[\/vc_column_text][vc_empty_space height=\u00bb10px\u00bb][\/vc_column][vc_column width=\u00bb1\/2&#8243;][vc_single_image image=\u00bb929&#8243; img_size=\u00bb580&#215;300&#8243; alignment=\u00bbcenter\u00bb][\/vc_column][\/vc_row][vc_row full_width=\u00bbstretch_row\u00bb css=\u00bb.vc_custom_1557092708008{padding-top: 60px !important;padding-bottom: 60px !important;background-color: #f4f4f4 !important;}\u00bb][vc_column width=\u00bb1\/2&#8243;][vc_single_image image=\u00bb764&#8243; img_size=\u00bb580&#215;300&#8243; alignment=\u00bbcenter\u00bb][\/vc_column][vc_column width=\u00bb1\/2&#8243;][vc_column_text]<\/p>\n<h2>Nuestras habitaciones<\/h2>\n<p>[\/vc_column_text][vc_empty_space][vc_column_text]Las 22 habitaciones del edificio principal fueron renovadas en 2014 y est\u00e1n amuebladas con gusto y elegancia, colores suaves, telas c\u00e1lidas que lo envolver\u00e1n en una armon\u00eda equilibrada entre lo cl\u00e1sico y lo moderno.<\/p>\n<p>Las 6 habitaciones ubicadas en el edificio contiguo, Residenza Alla Riva, fueron completamente renovadas en 2021 en la distribuci\u00f3n, mobiliario y tejidos, en estilo veneciano, con tonos neutros que contribuyen al ambiente relajante y familiar.<\/p>\n<p>El ba\u00f1o tambi\u00e9n ha sido redise\u00f1ado y construido con materiales refinados y elegantes.Todas las habitaciones est\u00e1n equipadas con aire acondicionado, TV de pantalla plana con canales v\u00eda sat\u00e9lite, minibar, caja fuerte, wi-fi gratuito, tel\u00e9fono y hervidor de agua.<\/p>\n<p>La estructura no tiene ascensor, pero nuestro personal estar\u00e1 encantado de ayudarle a llevar su equipaje a las habitaciones.<\/p>\n<p>Se ofrecen individuales, dobles y twin, triples y familiares, Economy, Classic y Superior.<\/p>\n<p>Recepci\u00f3n 24 h[\/vc_column_text][vc_empty_space height=\u00bb10px\u00bb][vc_btn title=\u00bbVer los tipos\u00bb style=\u00bbclassic\u00bb color=\u00bbchino\u00bb size=\u00bblg\u00bb link=\u00bburl:https%3A%2F%2Fwww.hotelalnuovoteson.com%2Fes%2Fhabitaciones%2F|title:Camere||\u00bb][\/vc_column][\/vc_row][vc_row full_width=\u00bbstretch_row_content_no_spaces\u00bb css=\u00bb.vc_custom_1557092723684{padding-top: -30px !important;}\u00bb][vc_column][vc_single_image image=\u00bb784&#8243; img_size=\u00bb1920&#215;700&#8243; alignment=\u00bbcenter\u00bb image_hovers=\u00bbfalse\u00bb][\/vc_column][\/vc_row]<\/p>\n","protected":false},"excerpt":{"rendered":"<p>[vc_row full_width=\u00bbstretch_row_content_no_spaces\u00bb][vc_column][vc_raw_html]JTNDZGl2JTIwY2xhc3MlM0QlMjJhcnJvdy13cmFwcGVyJTIyJTNFJTNDZGl2JTIwY2xhc3MlM0QlMjJhcnJvdyUyMiUzRSUzQyUyRmRpdiUzRSUzQyUyRmRpdiUzRQ==[\/vc_raw_html][\/vc_column][\/vc_row][vc_row css=\u00bb.vc_custom_1547803399489{padding-top: 60px !important;padding-bottom: 60px !important;}\u00bb][vc_column width=\u00bb1\/2&#8243;][vc_column_text] Hotel Al Nuovo Teson &#8211; Bienvenidos! [\/vc_column_text][vc_empty_space][vc_column_text]Bienvenido! Estamos listos para darle la bienvenida en la magia de la ciudad de Venecia.El Hotel Al Nuovo Teson se convertir\u00e1 en su punto de referencia en su viaje a trav\u00e9s de calli y campielli para descubrir una ciudad \u00fanica en&hellip;<\/p>\n","protected":false},"author":1,"featured_media":0,"parent":0,"menu_order":0,"comment_status":"closed","ping_status":"closed","template":"","meta":[],"aioseo_notices":[],"_links":{"self":[{"href":"https:\/\/www.hotelalnuovoteson.com\/es\/wp-json\/wp\/v2\/pages\/571"}],"collection":[{"href":"https:\/\/www.hotelalnuovoteson.com\/es\/wp-json\/wp\/v2\/pages"}],"about":[{"href":"https:\/\/www.hotelalnuovoteson.com\/es\/wp-json\/wp\/v2\/types\/page"}],"author":[{"embeddable":true,"href":"https:\/\/www.hotelalnuovoteson.com\/es\/wp-json\/wp\/v2\/users\/1"}],"replies":[{"embeddable":true,"href":"https:\/\/www.hotelalnuovoteson.com\/es\/wp-json\/wp\/v2\/comments?post=571"}],"version-history":[{"count":9,"href":"https:\/\/www.hotelalnuovoteson.com\/es\/wp-json\/wp\/v2\/pages\/571\/revisions"}],"predecessor-version":[{"id":1086,"href":"https:\/\/www.hotelalnuovoteson.com\/es\/wp-json\/wp\/v2\/pages\/571\/revisions\/1086"}],"wp:attachment":[{"href":"https:\/\/www.hotelalnuovoteson.com\/es\/wp-json\/wp\/v2\/media?parent=571"}],"curies":[{"name":"wp","href":"https:\/\/api.w.org\/{rel}","templated":true}]}}