{"id":483,"date":"2019-11-09T00:09:50","date_gmt":"2019-11-08T23:09:50","guid":{"rendered":"https:\/\/www.hotelalnuovoteson.com\/?page_id=483"},"modified":"2023-11-30T17:16:49","modified_gmt":"2023-11-30T16:16:49","slug":"lage","status":"publish","type":"page","link":"https:\/\/www.hotelalnuovoteson.com\/de\/lage\/","title":{"rendered":"Lage"},"content":{"rendered":"<p>[vc_row][vc_column][rev_slider_vc alias=&#8220;location&#8220;][vc_raw_html]JTNDZGl2JTIwY2xhc3MlM0QlMjJhcnJvdy13cmFwcGVyJTIyJTNFJTNDZGl2JTIwY2xhc3MlM0QlMjJhcnJvdyUyMiUzRSUzQyUyRmRpdiUzRSUzQyUyRmRpdiUzRQ==[\/vc_raw_html][\/vc_column][\/vc_row][vc_row full_width=&#8220;stretch_row_content_no_spaces&#8220; content_placement=&#8220;middle&#8220; parallax=&#8220;content-moving&#8220; parallax_image=&#8220;125&#8243; parallax_speed_bg=&#8220;2&#8243; css=&#8220;.vc_custom_1554493908504{padding-top: 20px !important;padding-bottom: 10px !important;}&#8220;][vc_column][vc_column_text]<\/p>\n<h1 style=\"text-align: center;\">LAGE<\/h1>\n<p>[\/vc_column_text]<div class=\"dt-breadcrumbs-shortcode dt-breadcrumbs-id-081d2e2d5b1d371b355e4f9a3adadbfd align-centre\"><div class=\"assistive-text\">Sie befinden sich hier:<\/div><ol class=\"breadcrumbs text-small\" xmlns:v=\"http:\/\/rdf.data-vocabulary.org\/#\"><li typeof=\"v:Breadcrumb\"><a rel=\"v:url\" property=\"v:title\" href=\"https:\/\/www.hotelalnuovoteson.com\/de\/\" title=\"\">Start<\/a><\/li><li class=\"current\">Seite<\/li><\/ol><\/div>[\/vc_column][\/vc_row][vc_row full_width=&#8220;stretch_row_content_no_spaces&#8220;][vc_column][vc_column_text]<div class=\"wpgmp_map_container wpgmp-map-provider-google wpgmp-map-1\" rel=\"map1\" data-plugin-version=\"4.8.6\"><div class=\"wpgmp_map_parent\"><div class=\"wpgmp_map \" style=\"width:100%; height:700px;\" id=\"map1\" data-map-id=\"1\"><\/div><\/div><\/div><script>jQuery(document).ready(function($){ window.wpgmp = window.wpgmp || {}; window.wpgmp.mapdata1 = \"eyJhdXRvc29ydCI6dHJ1ZSwibWFwX29wdGlvbnMiOnsiY2VudGVyX2xhdCI6IjQ1LjQzMzkwNzUiLCJjZW50ZXJfbG5nIjoiMTIuMzQ3NTAxNiIsInpvb20iOjE1LCJtYXBfdHlwZV9pZCI6IlJPQURNQVAiLCJjZW50ZXJfYnlfbmVhcmVzdCI6ZmFsc2UsImZpdF9ib3VuZHMiOmZhbHNlLCJzaG93X2NlbnRlcl9jaXJjbGUiOmZhbHNlLCJzaG93X2NlbnRlcl9tYXJrZXIiOmZhbHNlLCJjZW50ZXJfbWFya2VyX2ljb24iOiJodHRwczpcL1wvd3d3LmhvdGVsYWxudW92b3Rlc29uLmNvbVwvd3AtY29udGVudFwvcGx1Z2luc1wvd3AtZ29vZ2xlLW1hcC1wbHVnaW5cL2Fzc2V0c1wvaW1hZ2VzXC9cL2RlZmF1bHRfbWFya2VyLnBuZyIsImRyYWdnYWJsZSI6dHJ1ZSwic2Nyb2xsX3doZWVsIjoiZmFsc2UiLCJtYXJrZXJfZGVmYXVsdF9pY29uIjoiaHR0cHM6XC9cL3d3dy5ob3RlbGFsbnVvdm90ZXNvbi5jb21cL3dwLWNvbnRlbnRcL3BsdWdpbnNcL3dwLWdvb2dsZS1tYXAtcGx1Z2luXC9hc3NldHNcL2ltYWdlc1wvXC9kZWZhdWx0X21hcmtlci5wbmciLCJpbmZvd2luZG93X3NraW4iOnsibmFtZSI6ImRlZmF1bHQiLCJ0eXBlIjoiaW5mb3dpbmRvdyJ9LCJpbmZvd2luZG93X2Ryb3BfYW5pbWF0aW9uIjpmYWxzZSwiY2xvc2VfaW5mb3dpbmRvd19vbl9tYXBfY2xpY2siOmZhbHNlLCJkZWZhdWx0X2luZm93aW5kb3dfb3BlbiI6ZmFsc2UsImluZm93aW5kb3dfb3Blbl9ldmVudCI6ImNsaWNrIiwibGlzdGluZ19pbmZvd2luZG93X29wZW5fZXZlbnQiOiJjbGljayIsImlzX21vYmlsZSI6ZmFsc2UsImluZm93aW5kb3dfZmlsdGVyX29ubHkiOmZhbHNlLCJpbmZvd2luZG93X2NsaWNrX2NoYW5nZV9jZW50ZXIiOmZhbHNlLCJmdWxsX3NjcmVlbl9jb250cm9sIjp0cnVlLCJjYW1lcmFfY29udHJvbCI6ZmFsc2UsInNlYXJjaF9jb250cm9sIjp0cnVlLCJ6b29tX2NvbnRyb2wiOnRydWUsIm1hcF90eXBlX2NvbnRyb2wiOnRydWUsInN0cmVldF92aWV3X2NvbnRyb2wiOnRydWUsImxvY2F0ZW1lX2NvbnRyb2wiOmZhbHNlLCJtb2JpbGVfc3BlY2lmaWMiOmZhbHNlLCJ6b29tX21vYmlsZSI6NSwiZHJhZ2dhYmxlX21vYmlsZSI6dHJ1ZSwic2Nyb2xsX3doZWVsX21vYmlsZSI6dHJ1ZSwiZnVsbF9zY3JlZW5fY29udHJvbF9wb3NpdGlvbiI6IlRPUF9SSUdIVCIsInpvb21fY29udHJvbF9wb3NpdGlvbiI6IlRPUF9MRUZUIiwibWFwX3R5cGVfY29udHJvbF9wb3NpdGlvbiI6IlRPUF9SSUdIVCIsIm1hcF90eXBlX2NvbnRyb2xfc3R5bGUiOiJIT1JJWk9OVEFMX0JBUiIsInN0cmVldF92aWV3X2NvbnRyb2xfcG9zaXRpb24iOiJUT1BfTEVGVCIsIm1hcF9pbmZvd2luZG93X2N1c3RvbWlzYXRpb25zIjpmYWxzZSwiaW5mb3dpbmRvd193aWR0aCI6IjEwMCUiLCJzaG93X2luZm93aW5kb3dfaGVhZGVyIjpmYWxzZSwiem9vbV9sZXZlbF9hZnRlcl9zZWFyY2giOjEwLCJkb3VibGVjbGlja3pvb20iOmZhbHNlLCJjdXJyZW50X3Bvc3Rfb25seSI6ZmFsc2UsImFkdmFuY2VfdGVtcGxhdGUiOmZhbHNlLCJtYXBfdGlsZV91cmwiOiJodHRwczpcL1wve3N9LnRpbGUub3BlbnN0cmVldG1hcC5vcmdcL3t6fVwve3h9XC97eX0ucG5nIiwib3BlbnN0cmVldF9zdHlsZXMiOnsiT3BlblN0cmVldE1hcC5NYXBuaWsiOiJodHRwczpcL1wve3N9LnRpbGUub3BlbnN0cmVldG1hcC5vcmdcL3t6fVwve3h9XC97eX0ucG5nIiwiT3BlblN0cmVldE1hcC5ERSI6Imh0dHBzOlwvXC97c30udGlsZS5vcGVuc3RyZWV0bWFwLmRlXC90aWxlc1wvb3NtZGVcL3t6fVwve3h9XC97eX0ucG5nIiwiT3BlblN0cmVldE1hcC5DSCI6Imh0dHBzOlwvXC90aWxlLm9zbS5jaFwvc3dpdHplcmxhbmRcL3t6fVwve3h9XC97eX0ucG5nIiwiT3BlblN0cmVldE1hcC5GcmFuY2UiOiJodHRwczpcL1wve3N9LnRpbGUub3BlbnN0cmVldG1hcC5mclwvb3NtZnJcL3t6fVwve3h9XC97eX0ucG5nIiwiT3BlblN0cmVldE1hcC5IT1QiOiJodHRwczpcL1wve3N9LnRpbGUub3BlbnN0cmVldG1hcC5mclwvaG90XC97en1cL3t4fVwve3l9LnBuZyIsIk9wZW5TdHJlZXRNYXAuQlpIIjoiaHR0cHM6XC9cL3RpbGUub3BlbnN0cmVldG1hcC5iemhcL2JyXC97en1cL3t4fVwve3l9LnBuZyIsIk9wZW5Ub3BvTWFwIjoiaHR0cHM6XC9cL3tzfS50aWxlLm9wZW50b3BvbWFwLm9yZ1wve3p9XC97eH1cL3t5fS5wbmciLCJUaHVuZGVyZm9yZXN0Lk9wZW5DeWNsZU1hcCI6Imh0dHBzOlwvXC9kZXYue3N9LnRpbGUub3BlbnN0cmVldG1hcC5mclwvY3ljbG9zbVwve3p9XC97eH1cL3t5fS5wbmciLCJPcGVuTWFwU3VyZmVyLlJvYWRzIjoiaHR0cHM6XC9cL21hcHMuaGVpZ2l0Lm9yZ1wvb3Blbm1hcHN1cmZlclwvdGlsZXNcL3JvYWRzXC93ZWJtZXJjYXRvclwve3p9XC97eH1cL3t5fS5wbmcifSwib3BlbnN0cmVldF9zdHlsZXNfbWFya3VwIjoiPHNlbGVjdCBjbGFzcz1cIndwb21wX21hcF90eXBlXCI+PG9wdGlvbiB2YWx1ZT1cIk9wZW5TdHJlZXRNYXAuTWFwbmlrXCI+T3BlblN0cmVldE1hcC5NYXBuaWs8XC9vcHRpb24+PG9wdGlvbiB2YWx1ZT1cIk9wZW5TdHJlZXRNYXAuREVcIj5PcGVuU3RyZWV0TWFwLkRFPFwvb3B0aW9uPjxvcHRpb24gdmFsdWU9XCJPcGVuU3RyZWV0TWFwLkNIXCI+T3BlblN0cmVldE1hcC5DSDxcL29wdGlvbj48b3B0aW9uIHZhbHVlPVwiT3BlblN0cmVldE1hcC5GcmFuY2VcIj5PcGVuU3RyZWV0TWFwLkZyYW5jZTxcL29wdGlvbj48b3B0aW9uIHZhbHVlPVwiT3BlblN0cmVldE1hcC5IT1RcIj5PcGVuU3RyZWV0TWFwLkhPVDxcL29wdGlvbj48b3B0aW9uIHZhbHVlPVwiT3BlblN0cmVldE1hcC5CWkhcIj5PcGVuU3RyZWV0TWFwLkJaSDxcL29wdGlvbj48b3B0aW9uIHZhbHVlPVwiT3BlblRvcG9NYXBcIj5PcGVuVG9wb01hcDxcL29wdGlvbj48b3B0aW9uIHZhbHVlPVwiVGh1bmRlcmZvcmVzdC5PcGVuQ3ljbGVNYXBcIj5UaHVuZGVyZm9yZXN0Lk9wZW5DeWNsZU1hcDxcL29wdGlvbj48b3B0aW9uIHZhbHVlPVwiT3Blbk1hcFN1cmZlci5Sb2Fkc1wiPk9wZW5NYXBTdXJmZXIuUm9hZHM8XC9vcHRpb24+PFwvc2VsZWN0PiIsIm1hcF9ib3hfc3R5bGVzX21hcmt1cCI6IjxzZWxlY3QgY2xhc3M9XCJ3cG9tcF9tYXBib3hfdHlwZVwiPjxvcHRpb24gdmFsdWU9XCJzdHJlZXRzLXYxMVwiPlN0cmVldHM8XC9vcHRpb24+PG9wdGlvbiB2YWx1ZT1cImxpZ2h0LXYxMFwiPkxpZ2h0PFwvb3B0aW9uPjxvcHRpb24gdmFsdWU9XCJkYXJrLXYxMFwiPkRhcms8XC9vcHRpb24+PG9wdGlvbiB2YWx1ZT1cIm91dGRvb3JzLXYxMVwiPk91dGRvb3JzPFwvb3B0aW9uPjxvcHRpb24gdmFsdWU9XCJzYXRlbGxpdGUtdjlcIj5TYXRlbGxpdGU8XC9vcHRpb24+PFwvc2VsZWN0PiIsImJvdW5kX21hcF9hZnRlcl9maWx0ZXIiOmZhbHNlLCJkaXNwbGF5X3Jlc2V0X2J1dHRvbiI6ZmFsc2UsIm1hcF9yZXNldF9idXR0b25fdGV4dCI6Ilp1clx1MDBmY2Nrc2V0emVuIiwiaGVpZ2h0IjoiNzAwIiwidGlsZXNfcHJvdmlkZXIiOiJPcGVuU3RyZWV0TWFwLk1hcG5payJ9LCJwbGFjZXMiOlt7ImlkIjoiMSIsInRpdGxlIjoiSG90ZWwgQWwgTnVvdm8gVGVzb24iLCJhZGRyZXNzIjoiIiwic291cmNlIjoibWFudWFsIiwiY29udGVudCI6IiIsImxvY2F0aW9uIjp7Imljb24iOiJodHRwczpcL1wvd3d3LmhvdGVsYWxudW92b3Rlc29uLmNvbVwvd3AtY29udGVudFwvcGx1Z2luc1wvd3AtZ29vZ2xlLW1hcC1wbHVnaW5cL2Fzc2V0c1wvaW1hZ2VzXC9cL2RlZmF1bHRfbWFya2VyLnBuZyIsImxhdCI6IjQ1LjQzMzkwNzUiLCJsbmciOiIxMi4zNDc1MDE2IiwiY2l0eSI6IiIsInN0YXRlIjoiIiwiY291bnRyeSI6IiIsIm9uY2xpY2tfYWN0aW9uIjoibWFya2VyIiwicmVkaXJlY3RfY3VzdG9tX2xpbmsiOiIiLCJtYXJrZXJfaW1hZ2UiOiI8ZGl2IGNsYXNzPSdmYy1mZWF0dXJlLWltZyc+PGltZyBsb2FkaW5nPSdsYXp5JyBkZWNvZGluZz0nYXN5bmMnIGFsdD0nSG90ZWwgQWwgTnVvdm8gVGVzb24nIHNyYz0naHR0cHM6XC9cL3d3dy5ob3RlbGFsbnVvdm90ZXNvbi5jb21cL3dwLWNvbnRlbnRcL3BsdWdpbnNcL3dwLWdvb2dsZS1tYXAtcGx1Z2luXC9hc3NldHNcL2ltYWdlc1wvc2FtcGxlLmpwZycgY2xhc3M9J3dwZ21wX21hcmtlcl9pbWFnZSBmYy1pdGVtLWZlYXR1cmVkX2ltYWdlIGZjLWl0ZW0tbGFyZ2UnIFwvPjxcL2Rpdj4iLCJvcGVuX25ld190YWIiOiJ5ZXMiLCJwb3N0YWxfY29kZSI6IiIsImRyYWdnYWJsZSI6IiIsImluZm93aW5kb3dfZGVmYXVsdF9vcGVuIjoiIiwiYW5pbWF0aW9uIjoiQk9VTkNFIiwiaW5mb3dpbmRvd19kaXNhYmxlIjp0cnVlLCJ6b29tIjo1LCJleHRyYV9maWVsZHMiOnsibGlzdG9yZGVyIjowfX0sImNhdGVnb3JpZXMiOltdLCJjdXN0b21fZmlsdGVycyI6W119XSwibWFwX3Byb3BlcnR5Ijp7Im1hcF9pZCI6IjEifSwic2hhcGVzIjp7ImRyYXdpbmdfZWRpdGFibGUiOmZhbHNlfSwiZmlsdGVycyI6eyJmaWx0ZXJzX2NvbnRhaW5lciI6IltkYXRhLWNvbnRhaW5lcj1cIndwZ21wLWZpbHRlcnMtY29udGFpbmVyXCJdIn0sImdsb2JhbF9zZXR0aW5ncyI6eyJ3cGdtcF9tYXBfc291cmNlIjoiZ29vZ2xlIiwid3BnbXBfdGlsZXNfc291cmNlIjoiT3BlblN0cmVldE1hcC5NYXBuaWsiLCJ3cGdtcF9yb3V0ZXJfc291cmNlIjoib3BlbnN0cmVldCIsIndwZ21wX2xhbmd1YWdlIjoiZW4iLCJ3cGdtcF9zY3JpcHRzX3BsYWNlIjoiZm9vdGVyIiwid3BnbXBfdmVyc2lvbiI6IjQuOC42Iiwid3BnbXBfc2NyaXB0c19taW5pZnkiOiJ5ZXMiLCJ3cGdtcF9hbGxvd19tZXRhIjoiYTowOnt9Iiwid3BnbXBfYWR2YW5jZWRfbWFya2VyIjoiZmFsc2UiLCJ3cGdtcF9zZXRfdGltZW91dCI6IjEwMCIsIndwZ21wX2dkcHJfbXNnIjoiU2kgcHJlZ2EgZGkgYWNjZXR0YXJlIGkgY29va2llIHBlciBtb3N0cmFyZSBHb29nbGUgTWFwcy4iLCJ3cGdtcF9hcGlfa2V5IjoiQUl6YVN5QkQ3ZHFwV2VTQ0RiYjU0R1hIWk12dzhNLW81VEw5aWZjIn0sInByb3ZpZGVyIjoiZ29vZ2xlIiwiYXBpS2V5IjoiQUl6YVN5QkQ3ZHFwV2VTQ0RiYjU0R1hIWk12dzhNLW81VEw5aWZjIn0=\"; });<\/script>[\/vc_column_text][vc_empty_space height=&#8220;40px&#8220;][\/vc_column][\/vc_row][vc_row css=&#8220;.vc_custom_1547712153347{padding-top: 50px !important;padding-bottom: 50px !important;}&#8220;][vc_column][vc_column_text]<\/p>\n<h2 style=\"text-align: center;\">So erreichen Sie uns<\/h2>\n<p>[\/vc_column_text][vc_empty_space height=&#8220;20px&#8220;][vc_column_text]<\/p>\n<p style=\"text-align: center;\">Das Hotel Al Nuovo Teson befindet sich im Herzen der Stadt in der Calle Pescaria, nur f\u00fcnf Gehminuten vom Markusplatz und zwei Minuten von der Ausstellung f\u00fcr zeitgen\u00f6ssische Kunst der Biennale entfernt und ist der ideale Ausgangspunkt, um die Geheimnisse zu entdecken von Venedig und all seinen Sch\u00f6nheiten.<\/p>\n<p style=\"text-align: center;\">Das Castello-Gebiet in der N\u00e4he des alten Arsenals ist eines der \u00e4ltesten der Stadt, in dem es immer noch m\u00f6glich ist, in die traditionelle Atmosph\u00e4re Venedigs einzutauchen und sie zu erleben. von Venezianern.<\/p>\n<p>[\/vc_column_text][\/vc_column][\/vc_row][vc_row full_width=&#8220;stretch_row_content&#8220; gap=&#8220;35&#8243; css=&#8220;.vc_custom_1547712291318{padding-bottom: 50px !important;}&#8220;][vc_column width=&#8220;1\/4&#8243; css=&#8220;.vc_custom_1547712311290{padding-top: 35px !important;padding-right: 35px !important;padding-bottom: 35px !important;padding-left: 35px !important;background-color: #f2f2f2 !important;}&#8220;][vc_icon icon_fontawesome=&#8220;fa fa-plane&#8220; color=&#8220;black&#8220; size=&#8220;xl&#8220; align=&#8220;center&#8220;][vc_column_text]<\/p>\n<h3 style=\"text-align: center;\">Mit dem Flugzeug<br \/>\nVenedig Marco Polo<\/h3>\n<p style=\"text-align: center;\">G\u00e4ste, die mit dem Flugzeug in Venedig anreisen, k\u00f6nnen den privaten Wassertaxi-Service in Anspruch nehmen, der \u00fcber die Rezeption gebucht werden kann und Sie in 40 Minuten zum Hotel bringt. Alternativ k\u00f6nnen Sie auch den \u00f6ffentlichen Vaporetto-Service Alilaguna &#8211; linea blu nutzen, der Sie in etwa 1 Stunde vom Flughafen bis zur Haltestelle Arsenale bringt, nur wenige Schritte vom Hotel entfernt.<br \/>\nDie genauen Abfahrtzeiten finden Sie auf der Webseite: <a href=\"https:\/\/www.alilaguna.it\" target=\"_blank\" rel=\"noopener\">www.alilaguna.it<\/a><\/p>\n<ul>\n<li style=\"text-align: center;\">Privates Wassertaxi vom Flughafen mit Vorbuchung, f\u00fcr Infos und Kosten kontaktieren Sie bitte das Hotel unter info@hotelalnuovoteson.com<\/li>\n<li style=\"text-align: center;\">Alilaguna linea blu (Arsenale) &#8211; 1 Stunde<\/li>\n<\/ul>\n<p>[\/vc_column_text][\/vc_column][vc_column width=&#8220;1\/4&#8243; css=&#8220;.vc_custom_1547712322048{padding-top: 35px !important;padding-right: 35px !important;padding-bottom: 35px !important;padding-left: 35px !important;background-color: #f2f2f2 !important;}&#8220;][vc_icon icon_fontawesome=&#8220;fa fa-plane&#8220; color=&#8220;black&#8220; size=&#8220;xl&#8220; align=&#8220;center&#8220;][vc_column_text]<\/p>\n<h3 style=\"text-align: center;\">Mit dem Flugzeug<br \/>\nAeroporto Treviso<\/h3>\n<p class=\"western\" align=\"center\"><span style=\"color: #333333;\"><span style=\"font-family: Open Sans, serif;\"><span lang=\"de-DE\">G\u00e4ste, die am Flughafen Treviso ankommen, k\u00f6nnen mit dem \u00f6ffentlichen Busservice ATVO selbstst\u00e4ndig nach Venedig gelangen und gelangen in etwa 1 Stunde und 30 Minuten an der Piazzale Roma, einem strategischen Punkt in der Stadt, von wo aus sie auf den \u00f6ffentlichen F\u00e4hrdienst der Linien 5.1 und 4.1 zugreifen k\u00f6nnen<\/span><\/span><\/span><\/p>\n<p class=\"western\" align=\"center\"><span style=\"color: #333333;\">\u2022 <span style=\"font-family: Open Sans, serif;\"><span lang=\"de-DE\">ATVO (Flughafen Treviso \u2013 Piazzale Roma) \u2013 1 Stunde und 10 Minuten \u2013 Informationen auf <a href=\"https:\/\/www.atvo.it\" target=\"_blank\" rel=\"noopener\">www.atvo.it<\/a><\/span><\/span><\/span><\/p>\n<p class=\"western\" align=\"center\"><span style=\"color: #333333;\">\u2022 <span style=\"font-family: Open Sans, serif;\"><span lang=\"de-DE\">ACTV-Linie 5.1 (Piazzale Roma \u2013 San Zaccaria) \u2013 25 Minuten, Informationen unter <a href=\"https:\/\/www.actv.it\" target=\"_blank\" rel=\"noopener\">www.actv.it<\/a><\/span><\/span><\/span><\/p>\n<p class=\"western\" align=\"center\"><span style=\"color: #333333;\">\u2022 <span style=\"font-family: Open Sans, serif;\"><span lang=\"de-DE\">ACTV-Linie 4.1 (Piazzale Roma \u2013 Arsenale) \u2013 25 Minuten, Informationen auf <a href=\"https:\/\/www.actv.it\" target=\"_blank\" rel=\"noopener\">www.actv.it<\/a><\/span><\/span><\/span><\/p>\n<p>[\/vc_column_text][\/vc_column][vc_column width=&#8220;1\/4&#8243; css=&#8220;.vc_custom_1554493844874{padding-top: 35px !important;padding-right: 35px !important;padding-bottom: 35px !important;padding-left: 35px !important;background-color: #f2f2f2 !important;}&#8220;][vc_icon icon_fontawesome=&#8220;fa fa-car&#8220; color=&#8220;black&#8220; size=&#8220;xl&#8220; align=&#8220;center&#8220;][vc_column_text]<\/p>\n<h3 style=\"text-align: center;\">Mit dem Auto<br \/>\nPiazzale Roma<\/h3>\n<p class=\"western\" align=\"center\"><span style=\"color: #333333;\"><span style=\"font-family: Open Sans, serif;\"><span lang=\"de-DE\">G\u00e4ste, die mit dem Auto nach Venedig kommen, m\u00fcssen das Auto auf dem Piazzale Roma parken. Das Hotel kann mit der \u00f6ffentlichen F\u00e4hre der Linien 5.1 und 4.1 erreicht werden.<\/span><\/span><\/span><\/p>\n<p class=\"western\" align=\"center\"><span style=\"color: #333333;\">\u2022 <span style=\"font-family: Open Sans, serif;\"><span lang=\"de-DE\">ACTV-Linie 5.1. (Piazzale Roma \u2013 San Zaccaria) \u2013 25 Minuten \u2013 Informationen auf <a href=\"https:\/\/www.actv.it\">www.actv.it<\/a><\/span><\/span><\/span><\/p>\n<p class=\"western\" align=\"center\"><span style=\"color: #333333;\">\u2022 <span style=\"font-family: Open Sans, serif;\"><span lang=\"de-DE\">ACTV-Linie 4.1 (Piazzale Roma \u2013 Arsenale) \u2013 25 Minuten, Informationen auf <a href=\"https:\/\/www.actv.it\">www.actv.it<\/a><\/span><\/span><\/span><\/p>\n<p>[\/vc_column_text][\/vc_column][vc_column width=&#8220;1\/4&#8243; css=&#8220;.vc_custom_1554493868196{padding-top: 35px !important;padding-right: 35px !important;padding-bottom: 35px !important;padding-left: 35px !important;background-color: #f2f2f2 !important;}&#8220;][vc_icon icon_fontawesome=&#8220;fa fa-train&#8220; color=&#8220;black&#8220; size=&#8220;xl&#8220; align=&#8220;center&#8220;][vc_column_text]<\/p>\n<h3 style=\"text-align: center;\">Mit dem Zug<br \/>\nSanta Lucia Station<\/h3>\n<p class=\"western\" align=\"center\"><span style=\"color: #333333;\"><span style=\"font-family: Open Sans, serif;\"><span lang=\"de-DE\">G\u00e4ste, die mit der Bahn nach Venedig reisen, k\u00f6nnen den \u00f6ffentlichen F\u00e4hrdienst der Linien 5.1 und 4.1 nutzen.<\/span><\/span><\/span><\/p>\n<p class=\"western\" align=\"center\"><span style=\"color: #333333;\">\u2022 <span style=\"font-family: Open Sans, serif;\"><span lang=\"de-DE\">ACTV-Linie 5.1 (Santa Lucia Bahnhof\/Eisenbahn \u2013 San Zaccaria) \u2013 25 Minuten, Informationen unter <a href=\"https:\/\/www.actv.it\" target=\"_blank\" rel=\"noopener\">www.actv.it<\/a><\/span><\/span><\/span><\/p>\n<p class=\"western\" align=\"center\"><span style=\"color: #333333;\">\u2022 <span style=\"font-family: Open Sans, serif;\"><span lang=\"de-DE\">ACTV-Linie 4.1 (Piazzale Roma \u2013 Arsenale) \u2013 25 Minuten, Informationen auf <a href=\"https:\/\/www.actv.it\" target=\"_blank\" rel=\"noopener\">www.actv.it<\/a><\/span><\/span><\/span><\/p>\n<p>[\/vc_column_text][\/vc_column][\/vc_row]<\/p>\n","protected":false},"excerpt":{"rendered":"<p>[vc_row][vc_column][rev_slider_vc alias=&#8220;location&#8220;][vc_raw_html]JTNDZGl2JTIwY2xhc3MlM0QlMjJhcnJvdy13cmFwcGVyJTIyJTNFJTNDZGl2JTIwY2xhc3MlM0QlMjJhcnJvdyUyMiUzRSUzQyUyRmRpdiUzRSUzQyUyRmRpdiUzRQ==[\/vc_raw_html][\/vc_column][\/vc_row][vc_row full_width=&#8220;stretch_row_content_no_spaces&#8220; content_placement=&#8220;middle&#8220; parallax=&#8220;content-moving&#8220; parallax_image=&#8220;125&#8243; parallax_speed_bg=&#8220;2&#8243; css=&#8220;.vc_custom_1554493908504{padding-top: 20px !important;padding-bottom: 10px !important;}&#8220;][vc_column][vc_column_text] LAGE [\/vc_column_text][\/vc_column][\/vc_row][vc_row full_width=&#8220;stretch_row_content_no_spaces&#8220;][vc_column][vc_column_text][\/vc_column_text][vc_empty_space height=&#8220;40px&#8220;][\/vc_column][\/vc_row][vc_row css=&#8220;.vc_custom_1547712153347{padding-top: 50px !important;padding-bottom: 50px !important;}&#8220;][vc_column][vc_column_text] So erreichen Sie uns [\/vc_column_text][vc_empty_space height=&#8220;20px&#8220;][vc_column_text] Das Hotel Al Nuovo Teson befindet sich im Herzen der Stadt in der Calle Pescaria, nur f\u00fcnf Gehminuten vom Markusplatz und zwei Minuten von der Ausstellung f\u00fcr zeitgen\u00f6ssische&hellip;<\/p>\n","protected":false},"author":1,"featured_media":0,"parent":0,"menu_order":0,"comment_status":"closed","ping_status":"closed","template":"","meta":[],"aioseo_notices":[],"_links":{"self":[{"href":"https:\/\/www.hotelalnuovoteson.com\/de\/wp-json\/wp\/v2\/pages\/483"}],"collection":[{"href":"https:\/\/www.hotelalnuovoteson.com\/de\/wp-json\/wp\/v2\/pages"}],"about":[{"href":"https:\/\/www.hotelalnuovoteson.com\/de\/wp-json\/wp\/v2\/types\/page"}],"author":[{"embeddable":true,"href":"https:\/\/www.hotelalnuovoteson.com\/de\/wp-json\/wp\/v2\/users\/1"}],"replies":[{"embeddable":true,"href":"https:\/\/www.hotelalnuovoteson.com\/de\/wp-json\/wp\/v2\/comments?post=483"}],"version-history":[{"count":7,"href":"https:\/\/www.hotelalnuovoteson.com\/de\/wp-json\/wp\/v2\/pages\/483\/revisions"}],"predecessor-version":[{"id":1105,"href":"https:\/\/www.hotelalnuovoteson.com\/de\/wp-json\/wp\/v2\/pages\/483\/revisions\/1105"}],"wp:attachment":[{"href":"https:\/\/www.hotelalnuovoteson.com\/de\/wp-json\/wp\/v2\/media?parent=483"}],"curies":[{"name":"wp","href":"https:\/\/api.w.org\/{rel}","templated":true}]}}