{"id":480,"date":"2019-11-09T00:06:10","date_gmt":"2019-11-08T23:06:10","guid":{"rendered":"https:\/\/www.hotelalnuovoteson.com\/?page_id=480"},"modified":"2022-11-18T13:15:42","modified_gmt":"2022-11-18T12:15:42","slug":"home","status":"publish","type":"page","link":"https:\/\/www.hotelalnuovoteson.com\/de\/","title":{"rendered":"Home"},"content":{"rendered":"<p>[vc_row full_width=&#8220;stretch_row_content_no_spaces&#8220;][vc_column]\n\t\t\t<!-- START Home REVOLUTION SLIDER 6.2.23 --><p class=\"rs-p-wp-fix\"><\/p>\n\t\t\t<rs-module-wrap id=\"rev_slider_1_1_wrapper\" data-source=\"gallery\" style=\"background:transparent;padding:0;\">\n\t\t\t\t<rs-module id=\"rev_slider_1_1\" style=\"\" data-version=\"6.2.23\">\n\t\t\t\t\t<rs-slides>\n\t\t\t\t\t\t<rs-slide data-key=\"rs-15\" data-title=\"Slide\" data-thumb=\"\/\/www.hotelalnuovoteson.com\/wp-content\/uploads\/2021\/10\/202.1-100x50.jpg\" data-anim=\"ei:d;eo:d;s:600;r:0;t:fade;sl:d;\">\n\t\t\t\t\t\t\t<img src=\"\/\/www.hotelalnuovoteson.com\/wp-content\/uploads\/2021\/10\/202.1.jpg\" title=\"202.1\" width=\"1920\" height=\"1280\" class=\"rev-slidebg\" data-no-retina>\n<!---->\t\t\t\t\t\t<\/rs-slide>\n\t\t\t\t\t\t<rs-slide data-key=\"rs-16\" data-title=\"Slide\" data-thumb=\"\/\/www.hotelalnuovoteson.com\/wp-content\/uploads\/2021\/10\/204.2-100x50.jpg\" data-anim=\"ei:d;eo:d;s:600;r:0;t:fade;sl:d;\">\n\t\t\t\t\t\t\t<img src=\"\/\/www.hotelalnuovoteson.com\/wp-content\/uploads\/2021\/10\/204.2.jpg\" title=\"204.2\" width=\"1920\" height=\"1280\" class=\"rev-slidebg\" data-no-retina>\n<!---->\t\t\t\t\t\t<\/rs-slide>\n\t\t\t\t\t\t<rs-slide data-key=\"rs-17\" data-title=\"Slide\" data-thumb=\"\/\/www.hotelalnuovoteson.com\/wp-content\/uploads\/2021\/10\/F.3-100x50.jpg\" data-anim=\"ei:d;eo:d;s:600;r:0;t:fade;sl:d;\">\n\t\t\t\t\t\t\t<img src=\"\/\/www.hotelalnuovoteson.com\/wp-content\/uploads\/2021\/10\/F.3.jpg\" title=\"F.3\" width=\"1920\" height=\"1280\" class=\"rev-slidebg\" data-no-retina>\n<!---->\t\t\t\t\t\t<\/rs-slide>\n\t\t\t\t\t\t<rs-slide data-key=\"rs-18\" data-title=\"Slide\" data-thumb=\"\/\/www.hotelalnuovoteson.com\/wp-content\/uploads\/2021\/10\/Colazioni.3-100x50.jpg\" data-anim=\"ei:d;eo:d;s:600;r:0;t:fade;sl:d;\">\n\t\t\t\t\t\t\t<img src=\"\/\/www.hotelalnuovoteson.com\/wp-content\/uploads\/2021\/10\/Colazioni.3.jpg\" title=\"Colazioni.3\" width=\"1920\" height=\"1280\" class=\"rev-slidebg\" data-no-retina>\n<!---->\t\t\t\t\t\t<\/rs-slide>\n\t\t\t\t\t\t<rs-slide data-key=\"rs-26\" data-title=\"Slide\" data-thumb=\"\/\/www.hotelalnuovoteson.com\/wp-content\/uploads\/2021\/10\/P.4-100x50.jpg\" data-anim=\"ei:d;eo:d;s:600;r:0;t:fade;sl:d;\">\n\t\t\t\t\t\t\t<img src=\"\/\/www.hotelalnuovoteson.com\/wp-content\/uploads\/2021\/10\/P.4.jpg\" title=\"P.4\" width=\"1920\" height=\"1280\" class=\"rev-slidebg\" data-no-retina>\n<!---->\t\t\t\t\t\t<\/rs-slide>\n\t\t\t\t\t<\/rs-slides>\n\t\t\t\t<\/rs-module>\n\t\t\t\t<script type=\"text\/javascript\">\n\t\t\t\t\tsetREVStartSize({c: 'rev_slider_1_1',rl:[1240,1024,778,480],el:[868],gw:[1240],gh:[868],type:'standard',justify:'',layout:'fullscreen',offsetContainer:'',offset:'',mh:\"0\"});\n\t\t\t\t\tvar\trevapi1,\n\t\t\t\t\t\ttpj;\n\t\t\t\t\tfunction revinit_revslider11() {\n\t\t\t\t\tjQuery(function() {\n\t\t\t\t\t\ttpj = jQuery;\n\t\t\t\t\t\trevapi1 = tpj(\"#rev_slider_1_1\");\n\t\t\t\t\t\tif(revapi1==undefined || revapi1.revolution == undefined){\n\t\t\t\t\t\t\trevslider_showDoubleJqueryError(\"rev_slider_1_1\");\n\t\t\t\t\t\t}else{\n\t\t\t\t\t\t\trevapi1.revolution({\n\t\t\t\t\t\t\t\tsliderLayout:\"fullscreen\",\n\t\t\t\t\t\t\t\tduration:6000,\n\t\t\t\t\t\t\t\tvisibilityLevels:\"1240,1024,778,480\",\n\t\t\t\t\t\t\t\tgridwidth:1240,\n\t\t\t\t\t\t\t\tgridheight:868,\n\t\t\t\t\t\t\t\tspinner:\"spinner3\",\n\t\t\t\t\t\t\t\tperspective:600,\n\t\t\t\t\t\t\t\tperspectiveType:\"local\",\n\t\t\t\t\t\t\t\teditorheight:\"868,768,600,500\",\n\t\t\t\t\t\t\t\tresponsiveLevels:\"1240,1024,778,480\",\n\t\t\t\t\t\t\t\tprogressBar: {\n\t\t\t\t\t\t\t\t\tcolor:\"rgba(0,0,0,0.15)\",\n\t\t\t\t\t\t\t\t\tvertical:\"top\",\n\t\t\t\t\t\t\t\t\tsize:3,\n\t\t\t\t\t\t\t\t\tx:0,\n\t\t\t\t\t\t\t\t\ty:0\n\t\t\t\t\t\t\t\t},\n\t\t\t\t\t\t\t\tnavigation: {\n\t\t\t\t\t\t\t\t\tmouseScrollNavigation:false,\n\t\t\t\t\t\t\t\t\tonHoverStop:false,\n\t\t\t\t\t\t\t\t\tarrows: {\n\t\t\t\t\t\t\t\t\t\tenable:true,\n\t\t\t\t\t\t\t\t\t\tstyle:\"uranus\",\n\t\t\t\t\t\t\t\t\t\tleft: {\n\n\t\t\t\t\t\t\t\t\t\t},\n\t\t\t\t\t\t\t\t\t\tright: {\n\n\t\t\t\t\t\t\t\t\t\t}\n\t\t\t\t\t\t\t\t\t}\n\t\t\t\t\t\t\t\t},\n\t\t\t\t\t\t\t\tfallbacks: {\n\t\t\t\t\t\t\t\t\tallowHTML5AutoPlayOnAndroid:true\n\t\t\t\t\t\t\t\t},\n\t\t\t\t\t\t\t});\n\t\t\t\t\t\t\tvar api = revapi1;\n \n\/* only change slider layout if touch device is detected *\/\nif('ontouchend' in document) {\n \n    var screenSize = jQuery(window).width(),\n        layout;\n \n    \/* desktop screen size *\/\n    if(screenSize >= 1024) {\n \n        \/* layout options are \"fullscreen\", \"fullwidth\" and \"auto\" *\/\n        layout = 'fullscreen';\n \n    }\n    \/* mobile screen size *\/\n    else {\n \n        \/* layout options are \"fullscreen\", \"fullwidth\" and \"auto\" *\/\n        layout = 'auto';\n \n    }\n \n    var sliderSettings = api.data('opt') || api[0].opt;\n    \/* console.log(sliderSettings); *\/\n \n    sliderSettings.sliderLayout = layout;\n \n}\n\t\t\t\t\t\t}\n\t\t\t\t\t\t\n\t\t\t\t\t});\n\t\t\t\t\t} \/\/ End of RevInitScript\n\t\t\t\tvar once_revslider11 = false;\n\t\t\t\tif (document.readyState === \"loading\") {document.addEventListener('readystatechange',function() { if((document.readyState === \"interactive\" || document.readyState === \"complete\") && !once_revslider11 ) { once_revslider11 = true; revinit_revslider11();}});} else {once_revslider11 = true; revinit_revslider11();}\n\t\t\t\t<\/script>\n\t\t\t\t<script>\n\t\t\t\t\tvar htmlDivCss = '\t#rev_slider_1_1_wrapper rs-loader.spinner3 div { background-color: #FFFFFF !important; } ';\n\t\t\t\t\tvar htmlDiv = document.getElementById('rs-plugin-settings-inline-css');\n\t\t\t\t\tif(htmlDiv) {\n\t\t\t\t\t\thtmlDiv.innerHTML = htmlDiv.innerHTML + htmlDivCss;\n\t\t\t\t\t}else{\n\t\t\t\t\t\tvar htmlDiv = document.createElement('div');\n\t\t\t\t\t\thtmlDiv.innerHTML = '<style>' + htmlDivCss + '<\/style>';\n\t\t\t\t\t\tdocument.getElementsByTagName('head')[0].appendChild(htmlDiv.childNodes[0]);\n\t\t\t\t\t}\n\t\t\t\t<\/script>\n\t\t\t\t<script>\n\t\t\t\t\tvar htmlDivCss = unescape(\"%23rev_slider_1_1_wrapper%20.uranus.tparrows%20%7B%0A%20%20width%3A50px%3B%0A%20%20height%3A50px%3B%0A%20%20background%3Argba%28255%2C255%2C255%2C0%29%3B%0A%20%7D%0A%20%23rev_slider_1_1_wrapper%20.uranus.tparrows%3Abefore%20%7B%0A%20width%3A50px%3B%0A%20height%3A50px%3B%0A%20line-height%3A50px%3B%0A%20font-size%3A40px%3B%0A%20transition%3Aall%200.3s%3B%0A-webkit-transition%3Aall%200.3s%3B%0A%20%7D%0A%20%0A%20%20%23rev_slider_1_1_wrapper%20.uranus.tparrows%3Ahover%3Abefore%20%7B%0A%20%20%20%20opacity%3A0.75%3B%0A%20%20%7D%0A\");\n\t\t\t\t\tvar htmlDiv = document.getElementById('rs-plugin-settings-inline-css');\n\t\t\t\t\tif(htmlDiv) {\n\t\t\t\t\t\thtmlDiv.innerHTML = htmlDiv.innerHTML + htmlDivCss;\n\t\t\t\t\t}else{\n\t\t\t\t\t\tvar htmlDiv = document.createElement('div');\n\t\t\t\t\t\thtmlDiv.innerHTML = '<style>' + htmlDivCss + '<\/style>';\n\t\t\t\t\t\tdocument.getElementsByTagName('head')[0].appendChild(htmlDiv.childNodes[0]);\n\t\t\t\t\t}\n\t\t\t\t<\/script>\n\t\t\t\t<script>\n\t\t\t\t\tvar htmlDivCss = unescape(\"%0A%0A%0A%0A%0A\");\n\t\t\t\t\tvar htmlDiv = document.getElementById('rs-plugin-settings-inline-css');\n\t\t\t\t\tif(htmlDiv) {\n\t\t\t\t\t\thtmlDiv.innerHTML = htmlDiv.innerHTML + htmlDivCss;\n\t\t\t\t\t}else{\n\t\t\t\t\t\tvar htmlDiv = document.createElement('div');\n\t\t\t\t\t\thtmlDiv.innerHTML = '<style>' + htmlDivCss + '<\/style>';\n\t\t\t\t\t\tdocument.getElementsByTagName('head')[0].appendChild(htmlDiv.childNodes[0]);\n\t\t\t\t\t}\n\t\t\t\t<\/script>\n\t\t\t<\/rs-module-wrap>\n\t\t\t<!-- END REVOLUTION SLIDER -->\n[vc_raw_html]JTNDZGl2JTIwY2xhc3MlM0QlMjJhcnJvdy13cmFwcGVyJTIyJTNFJTNDZGl2JTIwY2xhc3MlM0QlMjJhcnJvdyUyMiUzRSUzQyUyRmRpdiUzRSUzQyUyRmRpdiUzRQ==[\/vc_raw_html][\/vc_column][\/vc_row][vc_row css=&#8220;.vc_custom_1547803399489{padding-top: 60px !important;padding-bottom: 60px !important;}&#8220;][vc_column width=&#8220;1\/2&#8243;][vc_column_text]<\/p>\n<h2><strong>Hotel Al Nuovo Teson<\/strong> &#8211; Willkommen!<\/h2>\n<p>[\/vc_column_text][vc_empty_space][vc_column_text]Herzlich willkommen! Wir freuen uns, Sie in der Magie der Stadt Venedig begr\u00fc\u00dfen zu d\u00fcrfen.Das Hotel Al Nuovo Teson wird zu Ihrem Bezugspunkt auf Ihrer Reise durch Calli und Campielli, um eine einzigartige Stadt der Welt zu entdecken.In einer einladenden, entspannenden und gepflegten Umgebung k\u00f6nnen Sie Ihre Erfahrung besser genie\u00dfen, bis sie zu etwas Besonderem wird.<\/p>\n<p>Das Hotel Al Nuovo Teson befindet sich im Herzen der Stadt in der Calle Pescaria, nur f\u00fcnf Gehminuten vom Markusplatz und zwei Minuten von der Ausstellung f\u00fcr zeitgen\u00f6ssische Kunst der Biennale entfernt. Es ist der ideale Ausgangspunkt, um die Geheimnisse zu entdecken von Venedig und all seinen Sch\u00f6nheiten.<\/p>\n<p>Das Castello-Gebiet in der N\u00e4he des alten Arsenals ist eines der \u00e4ltesten der Stadt, in dem es immer noch m\u00f6glich ist, in die traditionelle Venedigs Atmosph\u00e4re einzutauchen und als Veneziaren zu leben![\/vc_column_text][vc_empty_space height=&#8220;10px&#8220;][\/vc_column][vc_column width=&#8220;1\/2&#8243;][vc_single_image image=&#8220;928&#8243; img_size=&#8220;580&#215;300&#8243; alignment=&#8220;center&#8220;][\/vc_column][\/vc_row][vc_row full_width=&#8220;stretch_row&#8220; css=&#8220;.vc_custom_1557092708008{padding-top: 60px !important;padding-bottom: 60px !important;background-color: #f4f4f4 !important;}&#8220;][vc_column width=&#8220;1\/2&#8243;][vc_single_image image=&#8220;763&#8243; img_size=&#8220;580&#215;300&#8243; alignment=&#8220;center&#8220;][\/vc_column][vc_column width=&#8220;1\/2&#8243;][vc_column_text]<\/p>\n<h2>Unsere Zimmer<\/h2>\n<p>[\/vc_column_text][vc_empty_space][vc_column_text]Die 22 Zimmer im Hauptgeb\u00e4ude wurden 2014 renoviert und sind mit Geschmack und Eleganz, sanften Farben und warmen Stoffen eingerichtet, die Sie in eine ausgewogene Harmonie zwischen Klassik und Moderne einh\u00fcllen.<\/p>\n<p>Die 6 Zimmer im angrenzenden Geb\u00e4ude, Residenza Alla Riva, wurden im Jahr 2021 komplett renoviert. Die Einrichtung, Einrichtung und Stoffe im venezianischen Stil mit neutralen Farbt\u00f6nen tragen zur entspannten und vertrauten Atmosph\u00e4re bei.<\/p>\n<p>Das Badezimmer wurde ebenfalls neu gestaltet und mit raffinierten und eleganten Materialien gebaut.<\/p>\n<p>Alle Zimmer sind mit Klimaanlage, Flachbild-Sat-TV, Minibar, Safe, kostenlosem WLAN, Telefon und Wasserkocher ausgestattet.Einzel-, Doppel- und Zweibettzimmer, Dreifach- und Familienzimmer, Economy, Classic und Superior werden angeboten.<\/p>\n<p>Die Struktur verf\u00fcgt \u00fcber keinen Aufzug, aber unser Personal hilft Ihnen gerne, Ihr Gep\u00e4ck auf die Zimmer zu tragen!<\/p>\n<p>Rezeption 24 h[\/vc_column_text][vc_empty_space height=&#8220;10px&#8220;][vc_btn title=&#8220;Siehe die Zimmer&#8220; style=&#8220;classic&#8220; color=&#8220;chino&#8220; size=&#8220;lg&#8220; link=&#8220;url:https%3A%2F%2Fwww.hotelalnuovoteson.com%2Fde%2Fzimmer%2F|title:Camere||&#8220;][\/vc_column][\/vc_row][vc_row full_width=&#8220;stretch_row_content_no_spaces&#8220; css=&#8220;.vc_custom_1557092723684{padding-top: -30px !important;}&#8220;][vc_column][vc_single_image image=&#8220;783&#8243; img_size=&#8220;1920&#215;700&#8243; alignment=&#8220;center&#8220; image_hovers=&#8220;false&#8220;][\/vc_column][\/vc_row]<\/p>\n","protected":false},"excerpt":{"rendered":"<p>[vc_row full_width=&#8220;stretch_row_content_no_spaces&#8220;][vc_column][vc_raw_html]JTNDZGl2JTIwY2xhc3MlM0QlMjJhcnJvdy13cmFwcGVyJTIyJTNFJTNDZGl2JTIwY2xhc3MlM0QlMjJhcnJvdyUyMiUzRSUzQyUyRmRpdiUzRSUzQyUyRmRpdiUzRQ==[\/vc_raw_html][\/vc_column][\/vc_row][vc_row css=&#8220;.vc_custom_1547803399489{padding-top: 60px !important;padding-bottom: 60px !important;}&#8220;][vc_column width=&#8220;1\/2&#8243;][vc_column_text] Hotel Al Nuovo Teson &#8211; Willkommen! [\/vc_column_text][vc_empty_space][vc_column_text]Herzlich willkommen! Wir freuen uns, Sie in der Magie der Stadt Venedig begr\u00fc\u00dfen zu d\u00fcrfen.Das Hotel Al Nuovo Teson wird zu Ihrem Bezugspunkt auf Ihrer Reise durch Calli und Campielli, um eine einzigartige Stadt der Welt zu entdecken.In einer einladenden, entspannenden&hellip;<\/p>\n","protected":false},"author":1,"featured_media":0,"parent":0,"menu_order":0,"comment_status":"closed","ping_status":"closed","template":"","meta":[],"aioseo_notices":[],"_links":{"self":[{"href":"https:\/\/www.hotelalnuovoteson.com\/de\/wp-json\/wp\/v2\/pages\/480"}],"collection":[{"href":"https:\/\/www.hotelalnuovoteson.com\/de\/wp-json\/wp\/v2\/pages"}],"about":[{"href":"https:\/\/www.hotelalnuovoteson.com\/de\/wp-json\/wp\/v2\/types\/page"}],"author":[{"embeddable":true,"href":"https:\/\/www.hotelalnuovoteson.com\/de\/wp-json\/wp\/v2\/users\/1"}],"replies":[{"embeddable":true,"href":"https:\/\/www.hotelalnuovoteson.com\/de\/wp-json\/wp\/v2\/comments?post=480"}],"version-history":[{"count":9,"href":"https:\/\/www.hotelalnuovoteson.com\/de\/wp-json\/wp\/v2\/pages\/480\/revisions"}],"predecessor-version":[{"id":1085,"href":"https:\/\/www.hotelalnuovoteson.com\/de\/wp-json\/wp\/v2\/pages\/480\/revisions\/1085"}],"wp:attachment":[{"href":"https:\/\/www.hotelalnuovoteson.com\/de\/wp-json\/wp\/v2\/media?parent=480"}],"curies":[{"name":"wp","href":"https:\/\/api.w.org\/{rel}","templated":true}]}}